{"id":5137,"date":"2022-08-10T09:11:47","date_gmt":"2022-08-10T07:11:47","guid":{"rendered":"https:\/\/shop.growcube.sk\/produkt\/eisenia-hummus\/"},"modified":"2023-08-16T10:43:45","modified_gmt":"2023-08-16T08:43:45","slug":"eisenia-hummus","status":"publish","type":"product","link":"https:\/\/shop.growcube.sk\/de\/produkt\/eisenia-hummus\/","title":{"rendered":"Eisenia Hummus"},"content":{"rendered":"<p>Eisenia Hummus ist ein organischer D\u00fcnger, der in einem kontrollierten Kompostierungsprozess aus Substanzen hergestellt wird, die abbaubare organische Stoffe sowie Pflanzenn\u00e4hrstoffe enthalten, die im Verdauungssystem kalifornischer W\u00fcrmer verstoffwechselt werden.<\/p>\n<p>Das Produkt enth\u00e4lt nach und nach freisetzende Pflanzenn\u00e4hrstoffe, Huminstoffe, Aminos\u00e4uren, Phytohormone, Enzyme und Mikroorganismen.<\/p>\n<p>Seine Eigenschaften passen die Struktur leichter, insbesondere sandiger B\u00f6den an, um deren F\u00e4higkeit zu verbessern, Wasser zu speichern und die Auswaschung von N\u00e4hrstoffen zu reduzieren.<\/p>\n","protected":false},"excerpt":{"rendered":"<p>Eisenia Hummus ist ein organischer D\u00fcnger, der in einem kontrollierten Kompostierungsprozess aus Substanzen hergestellt wird, die abbaubare organische Stoffe sowie Pflanzenn\u00e4hrstoffe enthalten, die im Verdauungssystem kalifornischer W\u00fcrmer verstoffwechselt werden. Das Produkt enth\u00e4lt nach und nach freisetzende Pflanzenn\u00e4hrstoffe, Huminstoffe, Aminos\u00e4uren, Phytohormone, Enzyme und Mikroorganismen. Seine Eigenschaften passen die Struktur leichter, insbesondere sandiger B\u00f6den an, um deren &hellip;<\/p>\n<p class=\"read-more\"> <a class=\"\" href=\"https:\/\/shop.growcube.sk\/de\/produkt\/eisenia-hummus\/\"> <span class=\"screen-reader-text\">Eisenia Hummus<\/span> Weiterlesen &raquo;<\/a><\/p>\n","protected":false},"featured_media":4778,"template":"","meta":{"inline_featured_image":false},"product_cat":[400,376],"product_tag":[402],"_links":{"self":[{"href":"https:\/\/shop.growcube.sk\/de\/wp-json\/wp\/v2\/product\/5137"}],"collection":[{"href":"https:\/\/shop.growcube.sk\/de\/wp-json\/wp\/v2\/product"}],"about":[{"href":"https:\/\/shop.growcube.sk\/de\/wp-json\/wp\/v2\/types\/product"}],"version-history":[{"count":1,"href":"https:\/\/shop.growcube.sk\/de\/wp-json\/wp\/v2\/product\/5137\/revisions"}],"predecessor-version":[{"id":5138,"href":"https:\/\/shop.growcube.sk\/de\/wp-json\/wp\/v2\/product\/5137\/revisions\/5138"}],"wp:featuredmedia":[{"embeddable":true,"href":"https:\/\/shop.growcube.sk\/de\/wp-json\/wp\/v2\/media\/4778"}],"wp:attachment":[{"href":"https:\/\/shop.growcube.sk\/de\/wp-json\/wp\/v2\/media?parent=5137"}],"wp:term":[{"taxonomy":"product_cat","embeddable":true,"href":"https:\/\/shop.growcube.sk\/de\/wp-json\/wp\/v2\/product_cat?post=5137"},{"taxonomy":"product_tag","embeddable":true,"href":"https:\/\/shop.growcube.sk\/de\/wp-json\/wp\/v2\/product_tag?post=5137"}],"curies":[{"name":"wp","href":"https:\/\/api.w.org\/{rel}","templated":true}]}}