{"id":5115,"date":"2020-08-14T16:08:28","date_gmt":"2020-08-14T14:08:28","guid":{"rendered":"https:\/\/shop.growcube.sk\/produkt\/blumentopf-fur-die-terrasse\/"},"modified":"2023-05-25T11:21:22","modified_gmt":"2023-05-25T09:21:22","slug":"blumentopf-fur-die-terrasse","status":"publish","type":"product","link":"https:\/\/shop.growcube.sk\/de\/produkt\/blumentopf-fur-die-terrasse\/","title":{"rendered":"Blumentopf f\u00fcr die Terrasse"},"content":{"rendered":"\t\t<div data-elementor-type=\"product-post\" data-elementor-id=\"5115\" class=\"elementor elementor-5115 elementor-459\" data-elementor-post-type=\"product\">\n\t\t\t\t\t\t<section data-particle_enable=\"false\" data-particle-mobile-disabled=\"false\" class=\"elementor-section elementor-top-section elementor-element elementor-element-43722887 elementor-section-boxed elementor-section-height-default elementor-section-height-default\" data-id=\"43722887\" data-element_type=\"section\">\n\t\t\t\t\t\t<div class=\"elementor-container elementor-column-gap-default\">\n\t\t\t\t\t<div class=\"elementor-column elementor-col-100 elementor-top-column elementor-element elementor-element-19be62c1\" data-id=\"19be62c1\" data-element_type=\"column\">\n\t\t\t<div class=\"elementor-widget-wrap elementor-element-populated\">\n\t\t\t\t\t\t<div class=\"elementor-element elementor-element-7d51feb6 elementor-widget elementor-widget-text-editor\" data-id=\"7d51feb6\" data-element_type=\"widget\" data-widget_type=\"text-editor.default\">\n\t\t\t\t<div class=\"elementor-widget-container\">\n\t\t\t\t\t\t\tStanding Grow Cube ist ideal f\u00fcr den Balkonanbau von Gem\u00fcse sowie Kr\u00e4utern und Blumen. Auf der unteren Ablage k\u00f6nnen Sie kleine Gartenger\u00e4te, Erde, T\u00f6pfe usw. aufbewahren.\r\n\r\nDer Standing Grow Cube besteht aus Thermoholz.\r\n\r\nAbmessungen: 1040 mm x 600 mm x 280 mm\r\n\r\nBeinh\u00f6he: 1000 mm\t\t\t\t\t\t<\/div>\n\t\t\t\t<\/div>\n\t\t\t\t\t<\/div>\n\t\t<\/div>\n\t\t\t\t\t<\/div>\n\t\t<\/section>\n\t\t\t\t<\/div>\n\t\t","protected":false},"excerpt":{"rendered":"<p>Der Standing Grow Cube ist ideal f\u00fcr den Anbau von Gem\u00fcse und Blumen auf dem Balkon.<\/p>\n<p>Das am Stranding Grow Cube befestigte Gitter f\u00fcr Kletterpflanzen ist nicht im Produkt enthalten.<\/p>\n","protected":false},"featured_media":5122,"template":"","meta":{"inline_featured_image":false},"product_cat":[409,354],"product_tag":[377],"_links":{"self":[{"href":"https:\/\/shop.growcube.sk\/de\/wp-json\/wp\/v2\/product\/5115"}],"collection":[{"href":"https:\/\/shop.growcube.sk\/de\/wp-json\/wp\/v2\/product"}],"about":[{"href":"https:\/\/shop.growcube.sk\/de\/wp-json\/wp\/v2\/types\/product"}],"version-history":[{"count":1,"href":"https:\/\/shop.growcube.sk\/de\/wp-json\/wp\/v2\/product\/5115\/revisions"}],"predecessor-version":[{"id":5123,"href":"https:\/\/shop.growcube.sk\/de\/wp-json\/wp\/v2\/product\/5115\/revisions\/5123"}],"wp:featuredmedia":[{"embeddable":true,"href":"https:\/\/shop.growcube.sk\/de\/wp-json\/wp\/v2\/media\/5122"}],"wp:attachment":[{"href":"https:\/\/shop.growcube.sk\/de\/wp-json\/wp\/v2\/media?parent=5115"}],"wp:term":[{"taxonomy":"product_cat","embeddable":true,"href":"https:\/\/shop.growcube.sk\/de\/wp-json\/wp\/v2\/product_cat?post=5115"},{"taxonomy":"product_tag","embeddable":true,"href":"https:\/\/shop.growcube.sk\/de\/wp-json\/wp\/v2\/product_tag?post=5115"}],"curies":[{"name":"wp","href":"https:\/\/api.w.org\/{rel}","templated":true}]}}