{"id":5108,"date":"2020-08-14T16:08:28","date_gmt":"2020-08-14T14:08:28","guid":{"rendered":"https:\/\/shop.growcube.sk\/produkt\/tomatenwurfel\/"},"modified":"2023-05-25T11:09:36","modified_gmt":"2023-05-25T09:09:36","slug":"tomatenwurfel","status":"publish","type":"product","link":"https:\/\/shop.growcube.sk\/de\/produkt\/tomatenwurfel\/","title":{"rendered":"Tomatenw\u00fcrfel"},"content":{"rendered":"<p>Ein stilvoller Blumentopf nicht nur f\u00fcr Tomaten, sondern auch f\u00fcr Kr\u00e4uter, Blumen oder kleine B\u00e4ume.<\/p>\n<p><span class=\"Y2IQFc\" lang=\"de\">Material: FSC-zertifiziertes Thermokiefernholz<\/span><\/p>\n<p>Abmessungen: H\u00f6he 560 mm, Breite 600 mm, L\u00e4nge 600 mm.<\/p>\n<p>Gewicht: 29 kg<\/p>\n<p>&nbsp;<\/p>\n","protected":false},"excerpt":{"rendered":"<p><br data-mce-bogus=\"1\"><\/p>\n","protected":false},"featured_media":5113,"template":"","meta":{"inline_featured_image":false},"product_cat":[409,354],"product_tag":[377],"_links":{"self":[{"href":"https:\/\/shop.growcube.sk\/de\/wp-json\/wp\/v2\/product\/5108"}],"collection":[{"href":"https:\/\/shop.growcube.sk\/de\/wp-json\/wp\/v2\/product"}],"about":[{"href":"https:\/\/shop.growcube.sk\/de\/wp-json\/wp\/v2\/types\/product"}],"version-history":[{"count":1,"href":"https:\/\/shop.growcube.sk\/de\/wp-json\/wp\/v2\/product\/5108\/revisions"}],"predecessor-version":[{"id":5114,"href":"https:\/\/shop.growcube.sk\/de\/wp-json\/wp\/v2\/product\/5108\/revisions\/5114"}],"wp:featuredmedia":[{"embeddable":true,"href":"https:\/\/shop.growcube.sk\/de\/wp-json\/wp\/v2\/media\/5113"}],"wp:attachment":[{"href":"https:\/\/shop.growcube.sk\/de\/wp-json\/wp\/v2\/media?parent=5108"}],"wp:term":[{"taxonomy":"product_cat","embeddable":true,"href":"https:\/\/shop.growcube.sk\/de\/wp-json\/wp\/v2\/product_cat?post=5108"},{"taxonomy":"product_tag","embeddable":true,"href":"https:\/\/shop.growcube.sk\/de\/wp-json\/wp\/v2\/product_tag?post=5108"}],"curies":[{"name":"wp","href":"https:\/\/api.w.org\/{rel}","templated":true}]}}