{"id":5061,"date":"2023-03-09T10:37:12","date_gmt":"2023-03-09T09:37:12","guid":{"rendered":"https:\/\/shop.growcube.sk\/produkt\/paradajka-san-marzano\/"},"modified":"2025-01-20T10:50:25","modified_gmt":"2025-01-20T09:50:25","slug":"paradajka-san-marzano","status":"publish","type":"product","link":"https:\/\/shop.growcube.sk\/de\/produkt\/paradajka-san-marzano\/","title":{"rendered":"Paradajka San Marzano"},"content":{"rendered":"<p><span class=\"Y2IQFc\" lang=\"sk\">Klasick\u00e1 paradajkov\u00e1 om\u00e1\u010dka. Podlhovast\u00e9, f\u013ea\u0161ovit\u00e9 plody s\u00fa ve\u013emi pevn\u00e9 a ide\u00e1lne na konzervovanie. Vyv\u00e1\u017een\u00fd pomer kyseliny a cukru s n\u00edzkym obsahom \u0161\u0165avy. <\/span><span class=\"Y2IQFc\" lang=\"sk\">Hmotnos\u0165 plodu cca <\/span><span class=\"Y2IQFc\" lang=\"sk\">90 &#8211; 100 g. Polodeterminantn\u00e1, robustn\u00e1, r\u00fdchlo rast\u00faca odroda so stredne skor\u00fdm \u010dasom dozrievania. Obsah balenia: 30 z\u0155n.<\/span><\/p>\n","protected":false},"excerpt":{"rendered":"<p>Klasick\u00e1 paradajkov\u00e1 om\u00e1\u010dka. Podlhovast\u00e9, f\u013ea\u0161ovit\u00e9 plody s\u00fa ve\u013emi pevn\u00e9 a ide\u00e1lne na konzervovanie. Vyv\u00e1\u017een\u00fd pomer kyseliny a cukru s n\u00edzkym obsahom \u0161\u0165avy. Hmotnos\u0165 plodu cca 90 &#8211; 100 g. Polodeterminantn\u00e1, robustn\u00e1, r\u00fdchlo rast\u00faca odroda so stredne skor\u00fdm \u010dasom dozrievania. Obsah balenia: 30 z\u0155n.<\/p>\n","protected":false},"featured_media":5054,"template":"","meta":{"inline_featured_image":false},"product_cat":[408,334],"product_tag":[310],"_links":{"self":[{"href":"https:\/\/shop.growcube.sk\/de\/wp-json\/wp\/v2\/product\/5061"}],"collection":[{"href":"https:\/\/shop.growcube.sk\/de\/wp-json\/wp\/v2\/product"}],"about":[{"href":"https:\/\/shop.growcube.sk\/de\/wp-json\/wp\/v2\/types\/product"}],"version-history":[{"count":2,"href":"https:\/\/shop.growcube.sk\/de\/wp-json\/wp\/v2\/product\/5061\/revisions"}],"predecessor-version":[{"id":5067,"href":"https:\/\/shop.growcube.sk\/de\/wp-json\/wp\/v2\/product\/5061\/revisions\/5067"}],"wp:featuredmedia":[{"embeddable":true,"href":"https:\/\/shop.growcube.sk\/de\/wp-json\/wp\/v2\/media\/5054"}],"wp:attachment":[{"href":"https:\/\/shop.growcube.sk\/de\/wp-json\/wp\/v2\/media?parent=5061"}],"wp:term":[{"taxonomy":"product_cat","embeddable":true,"href":"https:\/\/shop.growcube.sk\/de\/wp-json\/wp\/v2\/product_cat?post=5061"},{"taxonomy":"product_tag","embeddable":true,"href":"https:\/\/shop.growcube.sk\/de\/wp-json\/wp\/v2\/product_tag?post=5061"}],"curies":[{"name":"wp","href":"https:\/\/api.w.org\/{rel}","templated":true}]}}