{"id":4787,"date":"2022-08-10T09:43:41","date_gmt":"2022-08-10T07:43:41","guid":{"rendered":"https:\/\/shop.growcube.sk\/produkt\/vermivital-zelenina-1l\/"},"modified":"2025-05-15T08:44:42","modified_gmt":"2025-05-15T06:44:42","slug":"vermivital-zelenina-1l","status":"publish","type":"product","link":"https:\/\/shop.growcube.sk\/de\/produkt\/vermivital-zelenina-1l\/","title":{"rendered":"VermiVital zelenina 1l"},"content":{"rendered":"<p>Tekut\u00e9 hnojivo na zeleninu vyroben\u00e9 l\u00fahovan\u00edm organick\u00fdch l\u00e1tok z kvalitn\u00e9ho vermikompostu, ktor\u00fd je produktom kalifornsk\u00fdch d\u00e1\u017e\u010foviek.<\/p>\n<p><strong>Neuverite\u013en\u00e1 v\u00fddatnos\u0165 na 1 liter posta\u010d\u00ed iba 15ml hnojiva.\u00a0\u00a0<\/strong><\/p>\n<p>Pr\u00edrodn\u00e9 listov\u00e9 hnojivo\u00a0<strong>Vermivital Zelenina<\/strong>\u00a0v\u010faka vyv\u00e1\u017een\u00e9mu obsahu mikro a makroprvkov\u00a0p\u00f4sob\u00ed priaznivo na rast kore\u0148ov a n\u00e1sledne aj rastliny samotnej.<\/p>\n<p>Enz\u00fdmy zabezpe\u010duj\u00fa\u00a0ochranu va\u0161ej zeleniny\u00a0pred pr\u00edpadn\u00fdmi hubov\u00fdmi chorobami.<\/p>\n<p>Pou\u017e\u00edva sa vo forme postreku na list alebo formou z\u00e1lievky pre po\u013en\u00e9 plodiny: paprika, raj\u010diak, ako aj ostatn\u00e9 druhy zeleniny.<\/p>\n","protected":false},"excerpt":{"rendered":"<p>Tekut\u00e9 hnojivo na zeleninu vyroben\u00e9 l\u00fahovan\u00edm organick\u00fdch l\u00e1tok z kvalitn\u00e9ho vermikompostu, ktor\u00fd je produktom kalifornsk\u00fdch d\u00e1\u017e\u010foviek. Neuverite\u013en\u00e1 v\u00fddatnos\u0165 na 1 liter posta\u010d\u00ed iba 15ml hnojiva.\u00a0\u00a0 Pr\u00edrodn\u00e9 listov\u00e9 hnojivo\u00a0Vermivital Zelenina\u00a0v\u010faka vyv\u00e1\u017een\u00e9mu obsahu mikro a makroprvkov\u00a0p\u00f4sob\u00ed priaznivo na rast kore\u0148ov a n\u00e1sledne aj rastliny samotnej. Enz\u00fdmy zabezpe\u010duj\u00fa\u00a0ochranu va\u0161ej zeleniny\u00a0pred pr\u00edpadn\u00fdmi hubov\u00fdmi chorobami. Pou\u017e\u00edva sa vo forme postreku &hellip;<\/p>\n<p class=\"read-more\"> <a class=\"\" href=\"https:\/\/shop.growcube.sk\/de\/produkt\/vermivital-zelenina-1l\/\"> <span class=\"screen-reader-text\">VermiVital zelenina 1l<\/span> Weiterlesen &raquo;<\/a><\/p>\n","protected":false},"featured_media":4792,"template":"","meta":{"inline_featured_image":false},"product_cat":[400,376],"product_tag":[402],"_links":{"self":[{"href":"https:\/\/shop.growcube.sk\/de\/wp-json\/wp\/v2\/product\/4787"}],"collection":[{"href":"https:\/\/shop.growcube.sk\/de\/wp-json\/wp\/v2\/product"}],"about":[{"href":"https:\/\/shop.growcube.sk\/de\/wp-json\/wp\/v2\/types\/product"}],"version-history":[{"count":3,"href":"https:\/\/shop.growcube.sk\/de\/wp-json\/wp\/v2\/product\/4787\/revisions"}],"predecessor-version":[{"id":4799,"href":"https:\/\/shop.growcube.sk\/de\/wp-json\/wp\/v2\/product\/4787\/revisions\/4799"}],"wp:featuredmedia":[{"embeddable":true,"href":"https:\/\/shop.growcube.sk\/de\/wp-json\/wp\/v2\/media\/4792"}],"wp:attachment":[{"href":"https:\/\/shop.growcube.sk\/de\/wp-json\/wp\/v2\/media?parent=4787"}],"wp:term":[{"taxonomy":"product_cat","embeddable":true,"href":"https:\/\/shop.growcube.sk\/de\/wp-json\/wp\/v2\/product_cat?post=4787"},{"taxonomy":"product_tag","embeddable":true,"href":"https:\/\/shop.growcube.sk\/de\/wp-json\/wp\/v2\/product_tag?post=4787"}],"curies":[{"name":"wp","href":"https:\/\/api.w.org\/{rel}","templated":true}]}}