{"id":4710,"date":"2020-08-13T13:42:04","date_gmt":"2020-08-13T11:42:04","guid":{"rendered":"https:\/\/shop.growcube.sk\/produkt\/grow-cube-thermo-kiefer\/"},"modified":"2026-01-01T23:00:28","modified_gmt":"2026-01-01T22:00:28","slug":"grow-cube-thermo-kiefer","status":"publish","type":"product","link":"https:\/\/shop.growcube.sk\/de\/produkt\/grow-cube-thermo-kiefer\/","title":{"rendered":"Grow Cube \u2013 Thermo-Kiefer"},"content":{"rendered":"<p>Die erh\u00f6hte Beeten Grow Cube sind ein einfaches modellierbares Puzzle, das von jedem in jegliche L\u00e4nge oder Form zusammenstellbar ist. Die sind vor allem f\u00fcr den \u00f6kologischen Anbau von Gem\u00fcse und\u00a0Heilkr\u00e4utern bestimmt. Dank Aufschichtung der organischen Masse (Ge\u00e4ste, Bl\u00e4tter, Dung, die Erde, D\u00fcngererde) im erh\u00f6hten Beet imitieren wir die nat\u00fcrliche\u00a0 Funktionalit\u00e4t vom \u00d6kosystem des Waldes und sichern ein N\u00e4hrboden f\u00fcr die Organismen, n\u00fctzlich f\u00fcr das richtige Wachstum und Entwicklung der Pflanzen, ab.<\/p>\n<p>Am kleinen Gel\u00e4nde schaffen sie eine gro\u00dfe Ernte ohne k\u00fcnstliche D\u00fcngermitteln und Pestiziden anzubauen.<\/p>\n<p><strong>Thermo-Kiefer<\/strong> \u2013 FSC zertifiziertes Holz. Die meist umweltfreundliche Wahl aus unserem Sortiment. Lebensdauer betr\u00e4gt 10 bis 12 Jahre.<\/p>\n","protected":false},"excerpt":{"rendered":"<p>Die erh\u00f6hte Beeten Grow Cube sind ein einfaches modellierbares Puzzle, das von jedem in jegliche L\u00e4nge oder Form zusammenstellbar ist. Die sind vor allem f\u00fcr den \u00f6kologischen Anbau von Gem\u00fcse und\u00a0Heilkr\u00e4utern bestimmt. Dank Aufschichtung der organischen Masse (Ge\u00e4ste, Bl\u00e4tter, Dung, die Erde, D\u00fcngererde) im erh\u00f6hten Beet imitieren wir die nat\u00fcrliche\u00a0 Funktionalit\u00e4t vom \u00d6kosystem des Waldes &hellip;<\/p>\n<p class=\"read-more\"> <a class=\"\" href=\"https:\/\/shop.growcube.sk\/de\/produkt\/grow-cube-thermo-kiefer\/\"> <span class=\"screen-reader-text\">Grow Cube \u2013 Thermo-Kiefer<\/span> Weiterlesen &raquo;<\/a><\/p>\n","protected":false},"featured_media":4713,"template":"","meta":{"inline_featured_image":false},"product_cat":[354,355],"product_tag":[],"_links":{"self":[{"href":"https:\/\/shop.growcube.sk\/de\/wp-json\/wp\/v2\/product\/4710"}],"collection":[{"href":"https:\/\/shop.growcube.sk\/de\/wp-json\/wp\/v2\/product"}],"about":[{"href":"https:\/\/shop.growcube.sk\/de\/wp-json\/wp\/v2\/types\/product"}],"version-history":[{"count":0,"href":"https:\/\/shop.growcube.sk\/de\/wp-json\/wp\/v2\/product\/4710\/revisions"}],"wp:featuredmedia":[{"embeddable":true,"href":"https:\/\/shop.growcube.sk\/de\/wp-json\/wp\/v2\/media\/4713"}],"wp:attachment":[{"href":"https:\/\/shop.growcube.sk\/de\/wp-json\/wp\/v2\/media?parent=4710"}],"wp:term":[{"taxonomy":"product_cat","embeddable":true,"href":"https:\/\/shop.growcube.sk\/de\/wp-json\/wp\/v2\/product_cat?post=4710"},{"taxonomy":"product_tag","embeddable":true,"href":"https:\/\/shop.growcube.sk\/de\/wp-json\/wp\/v2\/product_tag?post=4710"}],"curies":[{"name":"wp","href":"https:\/\/api.w.org\/{rel}","templated":true}]}}