{"id":4701,"date":"2020-08-14T16:09:30","date_gmt":"2020-08-14T14:09:30","guid":{"rendered":"https:\/\/shop.growcube.sk\/produkt\/substrat-veggie-terra\/"},"modified":"2020-08-14T16:09:30","modified_gmt":"2020-08-14T14:09:30","slug":"substrat-veggie-terra","status":"publish","type":"product","link":"https:\/\/shop.growcube.sk\/de\/produkt\/substrat-veggie-terra\/","title":{"rendered":"Substrat Veggie Terra"},"content":{"rendered":"<p>GROW CUBE Veggie TERRA 2 stellt ein professionelles Substrat bestimmt vor allem f\u00fcr den Gem\u00fcseanbau dar.<\/p>\n<p>Ist zusammengestellt vom Klei, D\u00fcngererde hoher Qualit\u00e4t, Minimum am Torfmoor vom wiederherstellbaren Moor, von fein gemahlener Kokossubstanz Cocopeat und Holzfasern LIGNOFIBRE\u00ae &#8211; Abfallstoff der Forstwirtschaft. Au\u00dfer der D\u00fcngererde beinhaltet die auch antagonistische Schw\u00e4mme und Bakterien, die einen Beitrag zur Verbesserung der Vitalit\u00e4t und Abwehrkraft der Pflanzen gegen\u00fcber die pathogenen Erreger leisten. Resultat ist ein lebendiges Substrat mit einer niedrigen kohlenstoffhaltigen Substanz, im welchen auch ein voller Beginner im Stande ist, sch\u00f6nes Gem\u00fcse anzubauen.<\/p>\n<p>Warum Veggie TERRA 2?<\/p>\n<p>Weil sich die Nummer 1 einfach nicht nach Ihren Vorstellungen gelungen hat! \ud83d\ude42<\/p>\n<p>GROW CUBE Veggie TERRA 2<\/p>\n<ul>\n<li>verf\u00fcgt \u00fcber minimal 30% niedrigere kohlenstoffhaltige Substanz im Vergleich mit den Moorsubstraten<\/li>\n<li>dank hohem Gehalt an der D\u00fcngererde, Klei und Kokosfasern bindet sehr gut Wasser und neigt nicht zum Sintern<\/li>\n<li>beinhaltet einen \u00f6kologischen Ersatz vom Torfmoor &#8211; Holzfaser LIGNOFIBRE und Cocopeat<\/li>\n<li>Pr\u00e4senz von Schw\u00e4mmen und Bakterien verbessert die Abwehrkraft der Pflanzen gegen\u00fcber die pathogenen Erreger<\/li>\n<li>geeignet f\u00fcr die obere Schicht der hohen Beeten GROW CUBE<\/li>\n<li>geeignet auch zur vollen Auff\u00fcllung von den Balkon- und Terrassenblument\u00f6pfen oder niedrigen erh\u00f6hten Beeten GROW CUBE<\/li>\n<li>designed by GROW CUBE and Gramoflor<\/li>\n<li>pH 5.6-6.0<\/li>\n<\/ul>\n","protected":false},"excerpt":{"rendered":"<p>GROW CUBE Veggie TERRA 2 stellt ein professionelles Substrat bestimmt vor allem f\u00fcr den Gem\u00fcseanbau dar. Ist zusammengestellt vom Klei, D\u00fcngererde hoher Qualit\u00e4t, Minimum am Torfmoor vom wiederherstellbaren Moor, von fein gemahlener Kokossubstanz Cocopeat und Holzfasern LIGNOFIBRE\u00ae &#8211; Abfallstoff der Forstwirtschaft. Au\u00dfer der D\u00fcngererde beinhaltet die auch antagonistische Schw\u00e4mme und Bakterien, die einen Beitrag zur &hellip;<\/p>\n<p class=\"read-more\"> <a class=\"\" href=\"https:\/\/shop.growcube.sk\/de\/produkt\/substrat-veggie-terra\/\"> <span class=\"screen-reader-text\">Substrat Veggie Terra<\/span> Weiterlesen &raquo;<\/a><\/p>\n","protected":false},"featured_media":4703,"template":"","meta":{"inline_featured_image":false},"product_cat":[376],"product_tag":[377],"_links":{"self":[{"href":"https:\/\/shop.growcube.sk\/de\/wp-json\/wp\/v2\/product\/4701"}],"collection":[{"href":"https:\/\/shop.growcube.sk\/de\/wp-json\/wp\/v2\/product"}],"about":[{"href":"https:\/\/shop.growcube.sk\/de\/wp-json\/wp\/v2\/types\/product"}],"version-history":[{"count":0,"href":"https:\/\/shop.growcube.sk\/de\/wp-json\/wp\/v2\/product\/4701\/revisions"}],"wp:featuredmedia":[{"embeddable":true,"href":"https:\/\/shop.growcube.sk\/de\/wp-json\/wp\/v2\/media\/4703"}],"wp:attachment":[{"href":"https:\/\/shop.growcube.sk\/de\/wp-json\/wp\/v2\/media?parent=4701"}],"wp:term":[{"taxonomy":"product_cat","embeddable":true,"href":"https:\/\/shop.growcube.sk\/de\/wp-json\/wp\/v2\/product_cat?post=4701"},{"taxonomy":"product_tag","embeddable":true,"href":"https:\/\/shop.growcube.sk\/de\/wp-json\/wp\/v2\/product_tag?post=4701"}],"curies":[{"name":"wp","href":"https:\/\/api.w.org\/{rel}","templated":true}]}}