{"id":4640,"date":"2021-01-27T14:45:01","date_gmt":"2021-01-27T13:45:01","guid":{"rendered":"https:\/\/shop.growcube.sk\/produkt\/terrassen-blumentopf\/"},"modified":"2021-01-27T14:45:01","modified_gmt":"2021-01-27T13:45:01","slug":"terrassen-blumentopf","status":"publish","type":"product","link":"https:\/\/shop.growcube.sk\/de\/produkt\/terrassen-blumentopf\/","title":{"rendered":"TERRASSEN-BLUMENT\u00d6PF"},"content":{"rendered":"<p>Die Grow Cube Blument\u00f6pfe sind ein funktionelles und \u00e4sthetisches Komponent f\u00fcr jede Terrasse, jeden Balkon oder Vorgarten. Die verf\u00fcgen \u00fcber ein perforiertes Boden aus Holz, dank welchen das \u00fcbersch\u00fcssige Wasser von den Blument\u00f6pfen abflie\u00dfen kann und die Pflanzenwurzeln nicht faulen. Die Grow Cube Blument\u00f6pfe sind vor allem f\u00fcr die Heilkr\u00e4uter, das Gem\u00fcse, die Zierpflanzen und B\u00e4ume bestimmt.<\/p>\n<p>Abmessungen :<\/p>\n<p>L\u00e4nge 1040mm, Breite 600mm, H\u00f6he 420mm, Volumen 207 l<\/p>\n","protected":false},"excerpt":{"rendered":"<p>Die Grow Cube Blument\u00f6pfe sind ein funktionelles und \u00e4sthetisches Komponent f\u00fcr jede Terrasse, jeden Balkon oder Vorgarten. Die verf\u00fcgen \u00fcber ein perforiertes Boden aus Holz, dank welchen das \u00fcbersch\u00fcssige Wasser von den Blument\u00f6pfen abflie\u00dfen kann und die Pflanzenwurzeln nicht faulen. Die Grow Cube Blument\u00f6pfe sind vor allem f\u00fcr die Heilkr\u00e4uter, das Gem\u00fcse, die Zierpflanzen und &hellip;<\/p>\n<p class=\"read-more\"> <a class=\"\" href=\"https:\/\/shop.growcube.sk\/de\/produkt\/terrassen-blumentopf\/\"> <span class=\"screen-reader-text\">TERRASSEN-BLUMENT\u00d6PF<\/span> Weiterlesen &raquo;<\/a><\/p>\n","protected":false},"featured_media":4643,"template":"","meta":{"inline_featured_image":false},"product_cat":[409,354],"product_tag":[],"_links":{"self":[{"href":"https:\/\/shop.growcube.sk\/de\/wp-json\/wp\/v2\/product\/4640"}],"collection":[{"href":"https:\/\/shop.growcube.sk\/de\/wp-json\/wp\/v2\/product"}],"about":[{"href":"https:\/\/shop.growcube.sk\/de\/wp-json\/wp\/v2\/types\/product"}],"version-history":[{"count":0,"href":"https:\/\/shop.growcube.sk\/de\/wp-json\/wp\/v2\/product\/4640\/revisions"}],"wp:featuredmedia":[{"embeddable":true,"href":"https:\/\/shop.growcube.sk\/de\/wp-json\/wp\/v2\/media\/4643"}],"wp:attachment":[{"href":"https:\/\/shop.growcube.sk\/de\/wp-json\/wp\/v2\/media?parent=4640"}],"wp:term":[{"taxonomy":"product_cat","embeddable":true,"href":"https:\/\/shop.growcube.sk\/de\/wp-json\/wp\/v2\/product_cat?post=4640"},{"taxonomy":"product_tag","embeddable":true,"href":"https:\/\/shop.growcube.sk\/de\/wp-json\/wp\/v2\/product_tag?post=4640"}],"curies":[{"name":"wp","href":"https:\/\/api.w.org\/{rel}","templated":true}]}}