{"id":4569,"date":"2021-06-07T09:12:57","date_gmt":"2021-06-07T07:12:57","guid":{"rendered":"https:\/\/shop.growcube.sk\/produkt\/rosettenzichorie-grumolo-verde\/"},"modified":"2021-06-07T09:12:57","modified_gmt":"2021-06-07T07:12:57","slug":"rosettenzichorie-grumolo-verde","status":"publish","type":"product","link":"https:\/\/shop.growcube.sk\/de\/produkt\/rosettenzichorie-grumolo-verde\/","title":{"rendered":"Rosettenzichorie Grumolo verde"},"content":{"rendered":"<p>Gr\u00fcner Salat Chicor\u00e9e geeignet f\u00fcr die Aussaat im Juli. Transplantate k\u00f6nnen \u00fcberwintern. Pflanzung von Anfang Juli bis Ende August. In Clips 25&#215;8 cm oder in Reihen im Abstand von 30 cm. Packungsinhalt 7g.<\/p>\n","protected":false},"excerpt":{"rendered":"<p>Gr\u00fcner Salat Chicor\u00e9e geeignet f\u00fcr die Aussaat im Juli. Transplantate k\u00f6nnen \u00fcberwintern. Pflanzung von Anfang Juli bis Ende August. In Clips 25&#215;8 cm oder in Reihen im Abstand von 30 cm. Packungsinhalt 7g.<\/p>\n","protected":false},"featured_media":4570,"template":"","meta":{"inline_featured_image":false},"product_cat":[408],"product_tag":[310],"_links":{"self":[{"href":"https:\/\/shop.growcube.sk\/de\/wp-json\/wp\/v2\/product\/4569"}],"collection":[{"href":"https:\/\/shop.growcube.sk\/de\/wp-json\/wp\/v2\/product"}],"about":[{"href":"https:\/\/shop.growcube.sk\/de\/wp-json\/wp\/v2\/types\/product"}],"version-history":[{"count":0,"href":"https:\/\/shop.growcube.sk\/de\/wp-json\/wp\/v2\/product\/4569\/revisions"}],"wp:featuredmedia":[{"embeddable":true,"href":"https:\/\/shop.growcube.sk\/de\/wp-json\/wp\/v2\/media\/4570"}],"wp:attachment":[{"href":"https:\/\/shop.growcube.sk\/de\/wp-json\/wp\/v2\/media?parent=4569"}],"wp:term":[{"taxonomy":"product_cat","embeddable":true,"href":"https:\/\/shop.growcube.sk\/de\/wp-json\/wp\/v2\/product_cat?post=4569"},{"taxonomy":"product_tag","embeddable":true,"href":"https:\/\/shop.growcube.sk\/de\/wp-json\/wp\/v2\/product_tag?post=4569"}],"curies":[{"name":"wp","href":"https:\/\/api.w.org\/{rel}","templated":true}]}}