{"id":4563,"date":"2021-06-07T11:11:04","date_gmt":"2021-06-07T09:11:04","guid":{"rendered":"https:\/\/shop.growcube.sk\/produkt\/spinat-matador\/"},"modified":"2021-06-07T11:11:04","modified_gmt":"2021-06-07T09:11:04","slug":"spinat-matador","status":"publish","type":"product","link":"https:\/\/shop.growcube.sk\/de\/produkt\/spinat-matador\/","title":{"rendered":"Spinat Matador"},"content":{"rendered":"<p>Eine ganzj\u00e4hrige Sorte, die zum \u00dcberwintern geeignet ist, produziert sehr gro\u00dfe dunkelgr\u00fcne Bl\u00e4tter. Aussaat M\u00e4rz-April f\u00fcr Fr\u00fchlingsspinat. August bis Oktober zum \u00dcberwintern. Paketgewicht 36g.<\/p>\n","protected":false},"excerpt":{"rendered":"<p>Eine ganzj\u00e4hrige Sorte, die zum \u00dcberwintern geeignet ist, produziert sehr gro\u00dfe dunkelgr\u00fcne Bl\u00e4tter. Aussaat M\u00e4rz-April f\u00fcr Fr\u00fchlingsspinat. August bis Oktober zum \u00dcberwintern. Paketgewicht 36g.<\/p>\n","protected":false},"featured_media":4564,"template":"","meta":{"inline_featured_image":false},"product_cat":[408,350],"product_tag":[310],"_links":{"self":[{"href":"https:\/\/shop.growcube.sk\/de\/wp-json\/wp\/v2\/product\/4563"}],"collection":[{"href":"https:\/\/shop.growcube.sk\/de\/wp-json\/wp\/v2\/product"}],"about":[{"href":"https:\/\/shop.growcube.sk\/de\/wp-json\/wp\/v2\/types\/product"}],"version-history":[{"count":0,"href":"https:\/\/shop.growcube.sk\/de\/wp-json\/wp\/v2\/product\/4563\/revisions"}],"wp:featuredmedia":[{"embeddable":true,"href":"https:\/\/shop.growcube.sk\/de\/wp-json\/wp\/v2\/media\/4564"}],"wp:attachment":[{"href":"https:\/\/shop.growcube.sk\/de\/wp-json\/wp\/v2\/media?parent=4563"}],"wp:term":[{"taxonomy":"product_cat","embeddable":true,"href":"https:\/\/shop.growcube.sk\/de\/wp-json\/wp\/v2\/product_cat?post=4563"},{"taxonomy":"product_tag","embeddable":true,"href":"https:\/\/shop.growcube.sk\/de\/wp-json\/wp\/v2\/product_tag?post=4563"}],"curies":[{"name":"wp","href":"https:\/\/api.w.org\/{rel}","templated":true}]}}