{"id":4559,"date":"2021-06-07T11:19:38","date_gmt":"2021-06-07T09:19:38","guid":{"rendered":"https:\/\/shop.growcube.sk\/produkt\/gurke-minigurke-la-diva\/"},"modified":"2021-06-07T11:19:38","modified_gmt":"2021-06-07T09:19:38","slug":"gurke-minigurke-la-diva","status":"publish","type":"product","link":"https:\/\/shop.growcube.sk\/de\/produkt\/gurke-minigurke-la-diva\/","title":{"rendered":"Gurke Minigurke La Diva"},"content":{"rendered":"<p>Flexible Gurke mit sehr sch\u00f6n geformten l\u00e4nglichen Fr\u00fcchten mit glatter Schale. Sie ist f\u00fcr den Anbau im Gew\u00e4chshaus und im Freien geeignet. Pflanzplan ab Mitte M\u00e4rz. Direktsaat ab Mitte Mai in Stapel 100&#215;40 cm. Gewicht von einem 5g.<\/p>\n","protected":false},"excerpt":{"rendered":"<p>Flexible Gurke mit sehr sch\u00f6n geformten l\u00e4nglichen Fr\u00fcchten mit glatter Schale. Sie ist f\u00fcr den Anbau im Gew\u00e4chshaus und im Freien geeignet. Pflanzplan ab Mitte M\u00e4rz. Direktsaat ab Mitte Mai in Stapel 100&#215;40 cm. Gewicht von einem 5g.<\/p>\n","protected":false},"featured_media":4560,"template":"","meta":{"inline_featured_image":false},"product_cat":[342,408],"product_tag":[310],"_links":{"self":[{"href":"https:\/\/shop.growcube.sk\/de\/wp-json\/wp\/v2\/product\/4559"}],"collection":[{"href":"https:\/\/shop.growcube.sk\/de\/wp-json\/wp\/v2\/product"}],"about":[{"href":"https:\/\/shop.growcube.sk\/de\/wp-json\/wp\/v2\/types\/product"}],"version-history":[{"count":0,"href":"https:\/\/shop.growcube.sk\/de\/wp-json\/wp\/v2\/product\/4559\/revisions"}],"wp:featuredmedia":[{"embeddable":true,"href":"https:\/\/shop.growcube.sk\/de\/wp-json\/wp\/v2\/media\/4560"}],"wp:attachment":[{"href":"https:\/\/shop.growcube.sk\/de\/wp-json\/wp\/v2\/media?parent=4559"}],"wp:term":[{"taxonomy":"product_cat","embeddable":true,"href":"https:\/\/shop.growcube.sk\/de\/wp-json\/wp\/v2\/product_cat?post=4559"},{"taxonomy":"product_tag","embeddable":true,"href":"https:\/\/shop.growcube.sk\/de\/wp-json\/wp\/v2\/product_tag?post=4559"}],"curies":[{"name":"wp","href":"https:\/\/api.w.org\/{rel}","templated":true}]}}