{"id":4542,"date":"2021-10-13T15:36:28","date_gmt":"2021-10-13T13:36:28","guid":{"rendered":"https:\/\/shop.growcube.sk\/produkt\/t-shirt\/"},"modified":"2021-10-13T15:36:28","modified_gmt":"2021-10-13T13:36:28","slug":"t-shirt","status":"publish","type":"product","link":"https:\/\/shop.growcube.sk\/de\/produkt\/t-shirt\/","title":{"rendered":"T-Shirt"},"content":{"rendered":"<p>Material: 100% Baumwolle organischer Herkunft, 100% biodegradierbar und kompostierbar.<\/p>\n<p>Von Stanley\/Stella zertifiziertes T-Shirt. Die verwendeten Farben verf\u00fcgen \u00fcber das<br \/>\nPlatinzertifikat Cradle 2 Cradle, das absichert, dass nach dem Druck kein Abfall, sondern eine biodegradierbare Masse entsteht, die unserer Umwelt\u00a0 nicht schadet.<br \/>\nAnders ausgedr\u00fcckt: Wenn sie das T-Shirt abn\u00fctzen, k\u00f6nnen sie dieses in kleineren Teile zerschneiden und kompostieren. Gutes Gef\u00fchl oder?<\/p>\n","protected":false},"excerpt":{"rendered":"<p>Material: 100% Baumwolle organischer Herkunft, 100% biodegradierbar und kompostierbar. Von Stanley\/Stella zertifiziertes T-Shirt. Die verwendeten Farben verf\u00fcgen \u00fcber das Platinzertifikat Cradle 2 Cradle, das absichert, dass nach dem Druck kein Abfall, sondern eine biodegradierbare Masse entsteht, die unserer Umwelt\u00a0 nicht schadet. Anders ausgedr\u00fcckt: Wenn sie das T-Shirt abn\u00fctzen, k\u00f6nnen sie dieses in kleineren Teile zerschneiden &hellip;<\/p>\n<p class=\"read-more\"> <a class=\"\" href=\"https:\/\/shop.growcube.sk\/de\/produkt\/t-shirt\/\"> <span class=\"screen-reader-text\">T-Shirt<\/span> Weiterlesen &raquo;<\/a><\/p>\n","protected":false},"featured_media":4543,"template":"","meta":{"inline_featured_image":false},"product_cat":[353],"product_tag":[],"_links":{"self":[{"href":"https:\/\/shop.growcube.sk\/de\/wp-json\/wp\/v2\/product\/4542"}],"collection":[{"href":"https:\/\/shop.growcube.sk\/de\/wp-json\/wp\/v2\/product"}],"about":[{"href":"https:\/\/shop.growcube.sk\/de\/wp-json\/wp\/v2\/types\/product"}],"version-history":[{"count":0,"href":"https:\/\/shop.growcube.sk\/de\/wp-json\/wp\/v2\/product\/4542\/revisions"}],"wp:featuredmedia":[{"embeddable":true,"href":"https:\/\/shop.growcube.sk\/de\/wp-json\/wp\/v2\/media\/4543"}],"wp:attachment":[{"href":"https:\/\/shop.growcube.sk\/de\/wp-json\/wp\/v2\/media?parent=4542"}],"wp:term":[{"taxonomy":"product_cat","embeddable":true,"href":"https:\/\/shop.growcube.sk\/de\/wp-json\/wp\/v2\/product_cat?post=4542"},{"taxonomy":"product_tag","embeddable":true,"href":"https:\/\/shop.growcube.sk\/de\/wp-json\/wp\/v2\/product_tag?post=4542"}],"curies":[{"name":"wp","href":"https:\/\/api.w.org\/{rel}","templated":true}]}}