{"id":4487,"date":"2021-06-09T13:22:58","date_gmt":"2021-06-09T11:22:58","guid":{"rendered":"https:\/\/shop.growcube.sk\/produkt\/kurbis-bleu-de-hongrie\/"},"modified":"2021-06-09T13:22:58","modified_gmt":"2021-06-09T11:22:58","slug":"kurbis-bleu-de-hongrie","status":"publish","type":"product","link":"https:\/\/shop.growcube.sk\/de\/produkt\/kurbis-bleu-de-hongrie\/","title":{"rendered":"K\u00fcrbis Bleu de Hongrie"},"content":{"rendered":"<p>Starkw\u00fcchsiger, rankender, langtriebiger, exzellenter SpeiseK\u00fcrbis. Sch\u00f6ne, mittelgro\u00dfe, flachrunde Fr\u00fcchte mit graublauer bis t\u00fcrkiser, glatter Schale. Fruchtgewicht ca. 5 &#8211; 10 Kilo. Leuchtend Oranges, leicht s\u00fc\u00dfes, wohlschmeckendes Fruchtfleisch. Paketgewicht 7 g.<\/p>\n","protected":false},"excerpt":{"rendered":"<p>Starkw\u00fcchsiger, rankender, langtriebiger, exzellenter SpeiseK\u00fcrbis. Sch\u00f6ne, mittelgro\u00dfe, flachrunde Fr\u00fcchte mit graublauer bis t\u00fcrkiser, glatter Schale. Fruchtgewicht ca. 5 &#8211; 10 Kilo. Leuchtend Oranges, leicht s\u00fc\u00dfes, wohlschmeckendes Fruchtfleisch. Paketgewicht 7 g.<\/p>\n","protected":false},"featured_media":4488,"template":"","meta":{"inline_featured_image":false},"product_cat":[408],"product_tag":[310],"_links":{"self":[{"href":"https:\/\/shop.growcube.sk\/de\/wp-json\/wp\/v2\/product\/4487"}],"collection":[{"href":"https:\/\/shop.growcube.sk\/de\/wp-json\/wp\/v2\/product"}],"about":[{"href":"https:\/\/shop.growcube.sk\/de\/wp-json\/wp\/v2\/types\/product"}],"version-history":[{"count":0,"href":"https:\/\/shop.growcube.sk\/de\/wp-json\/wp\/v2\/product\/4487\/revisions"}],"wp:featuredmedia":[{"embeddable":true,"href":"https:\/\/shop.growcube.sk\/de\/wp-json\/wp\/v2\/media\/4488"}],"wp:attachment":[{"href":"https:\/\/shop.growcube.sk\/de\/wp-json\/wp\/v2\/media?parent=4487"}],"wp:term":[{"taxonomy":"product_cat","embeddable":true,"href":"https:\/\/shop.growcube.sk\/de\/wp-json\/wp\/v2\/product_cat?post=4487"},{"taxonomy":"product_tag","embeddable":true,"href":"https:\/\/shop.growcube.sk\/de\/wp-json\/wp\/v2\/product_tag?post=4487"}],"curies":[{"name":"wp","href":"https:\/\/api.w.org\/{rel}","templated":true}]}}