{"id":4485,"date":"2021-06-09T13:28:00","date_gmt":"2021-06-09T11:28:00","guid":{"rendered":"https:\/\/shop.growcube.sk\/produkt\/mangold-feurio\/"},"modified":"2021-06-09T13:28:00","modified_gmt":"2021-06-09T11:28:00","slug":"mangold-feurio","status":"publish","type":"product","link":"https:\/\/shop.growcube.sk\/de\/produkt\/mangold-feurio\/","title":{"rendered":"Mangold Feurio"},"content":{"rendered":"<p>Sehr attraktiver Stielmangold mit leuchtend roten, schlanken Stielen und rot ge\u00e4derten, dunkelgr\u00fcnen Bl\u00e4ttern. Die langen gewellten Bl\u00e4tter behalten auch nach dem Kochen ihre leuchtenden Farben. Aromatische, wohlschmeckende Sorte. Entwicklungsdauer ca. 60 Tage. Paketgewicht 8 g.<\/p>\n","protected":false},"excerpt":{"rendered":"<p>Sehr attraktiver Stielmangold mit leuchtend roten, schlanken Stielen und rot ge\u00e4derten, dunkelgr\u00fcnen Bl\u00e4ttern. Die langen gewellten Bl\u00e4tter behalten auch nach dem Kochen ihre leuchtenden Farben. Aromatische, wohlschmeckende Sorte. Entwicklungsdauer ca. 60 Tage. Paketgewicht 8 g.<\/p>\n","protected":false},"featured_media":4486,"template":"","meta":{"inline_featured_image":false},"product_cat":[408,307],"product_tag":[310],"_links":{"self":[{"href":"https:\/\/shop.growcube.sk\/de\/wp-json\/wp\/v2\/product\/4485"}],"collection":[{"href":"https:\/\/shop.growcube.sk\/de\/wp-json\/wp\/v2\/product"}],"about":[{"href":"https:\/\/shop.growcube.sk\/de\/wp-json\/wp\/v2\/types\/product"}],"version-history":[{"count":0,"href":"https:\/\/shop.growcube.sk\/de\/wp-json\/wp\/v2\/product\/4485\/revisions"}],"wp:featuredmedia":[{"embeddable":true,"href":"https:\/\/shop.growcube.sk\/de\/wp-json\/wp\/v2\/media\/4486"}],"wp:attachment":[{"href":"https:\/\/shop.growcube.sk\/de\/wp-json\/wp\/v2\/media?parent=4485"}],"wp:term":[{"taxonomy":"product_cat","embeddable":true,"href":"https:\/\/shop.growcube.sk\/de\/wp-json\/wp\/v2\/product_cat?post=4485"},{"taxonomy":"product_tag","embeddable":true,"href":"https:\/\/shop.growcube.sk\/de\/wp-json\/wp\/v2\/product_tag?post=4485"}],"curies":[{"name":"wp","href":"https:\/\/api.w.org\/{rel}","templated":true}]}}