{"id":4482,"date":"2021-06-09T13:33:27","date_gmt":"2021-06-09T11:33:27","guid":{"rendered":"https:\/\/shop.growcube.sk\/produkt\/pfefferoni-nadapeno\/"},"modified":"2022-07-18T10:37:37","modified_gmt":"2022-07-18T08:37:37","slug":"pfefferoni-nadapeno","status":"publish","type":"product","link":"https:\/\/shop.growcube.sk\/de\/produkt\/pfefferoni-nadapeno\/","title":{"rendered":"Pfefferoni (Nadapeno)"},"content":{"rendered":"<p>Stabile,\u00a0 sehr produktive Pflanzen mit sch\u00e4rfefreien, dickfleischigen , von gr\u00fcn nach tiefrot abreifenden Jalape\u00f1os. Fr\u00fcchte k\u00f6nnen sehr fr\u00fch im gr\u00fcnen , noch nicht\u00a0 ausgereiften Zustand geerntet werden.\u00a0 F\u00fcr den Frischverzer und Verarbeitung. Sch\u00e4rfegrad: 0. Packungsgewicht 5 g.<\/p>\n","protected":false},"excerpt":{"rendered":"<p>Stabile,\u00a0 sehr produktive Pflanzen mit sch\u00e4rfefreien, dickfleischigen , von gr\u00fcn nach tiefrot abreifenden Jalape\u00f1os. Fr\u00fcchte k\u00f6nnen sehr fr\u00fch im gr\u00fcnen , noch nicht\u00a0 ausgereiften Zustand geerntet werden.\u00a0 F\u00fcr den Frischverzer und Verarbeitung. Sch\u00e4rfegrad: 0. Packungsgewicht 5 g.<\/p>\n","protected":false},"featured_media":4483,"template":"","meta":{"inline_featured_image":false},"product_cat":[408],"product_tag":[310],"_links":{"self":[{"href":"https:\/\/shop.growcube.sk\/de\/wp-json\/wp\/v2\/product\/4482"}],"collection":[{"href":"https:\/\/shop.growcube.sk\/de\/wp-json\/wp\/v2\/product"}],"about":[{"href":"https:\/\/shop.growcube.sk\/de\/wp-json\/wp\/v2\/types\/product"}],"version-history":[{"count":1,"href":"https:\/\/shop.growcube.sk\/de\/wp-json\/wp\/v2\/product\/4482\/revisions"}],"predecessor-version":[{"id":4484,"href":"https:\/\/shop.growcube.sk\/de\/wp-json\/wp\/v2\/product\/4482\/revisions\/4484"}],"wp:featuredmedia":[{"embeddable":true,"href":"https:\/\/shop.growcube.sk\/de\/wp-json\/wp\/v2\/media\/4483"}],"wp:attachment":[{"href":"https:\/\/shop.growcube.sk\/de\/wp-json\/wp\/v2\/media?parent=4482"}],"wp:term":[{"taxonomy":"product_cat","embeddable":true,"href":"https:\/\/shop.growcube.sk\/de\/wp-json\/wp\/v2\/product_cat?post=4482"},{"taxonomy":"product_tag","embeddable":true,"href":"https:\/\/shop.growcube.sk\/de\/wp-json\/wp\/v2\/product_tag?post=4482"}],"curies":[{"name":"wp","href":"https:\/\/api.w.org\/{rel}","templated":true}]}}