{"id":4480,"date":"2021-06-09T13:38:14","date_gmt":"2021-06-09T11:38:14","guid":{"rendered":"https:\/\/shop.growcube.sk\/produkt\/chili-jalapeno-ruben\/"},"modified":"2021-06-09T13:38:14","modified_gmt":"2021-06-09T11:38:14","slug":"chili-jalapeno-ruben","status":"publish","type":"product","link":"https:\/\/shop.growcube.sk\/de\/produkt\/chili-jalapeno-ruben\/","title":{"rendered":"Chili Jalapeno Ruben"},"content":{"rendered":"<p>Sehr\u00a0 ertragreicher, dichtfleischiger Jalape\u00f1o-Sorte mit ca. 7 cm langen, von dunkelgr\u00fcn auf rot abreifenden fr\u00fcchten. Bei Vollreife gelten langgestreckte korkige L\u00e4sionen als Qualit\u00e4tsmerkmal. Geeignet zum Rohverzehr (gr\u00fcne und rote Fr\u00fcchte) und zum Einlegen. Fruchtigangenehme Sch\u00e4rfe von 3 &#8211; 5. Packungsgewicht 5 g.<\/p>\n","protected":false},"excerpt":{"rendered":"<p>Sehr\u00a0 ertragreicher, dichtfleischiger Jalape\u00f1o-Sorte mit ca. 7 cm langen, von dunkelgr\u00fcn auf rot abreifenden fr\u00fcchten. Bei Vollreife gelten langgestreckte korkige L\u00e4sionen als Qualit\u00e4tsmerkmal. Geeignet zum Rohverzehr (gr\u00fcne und rote Fr\u00fcchte) und zum Einlegen. Fruchtigangenehme Sch\u00e4rfe von 3 &#8211; 5. Packungsgewicht 5 g.<\/p>\n","protected":false},"featured_media":4481,"template":"","meta":{"inline_featured_image":false},"product_cat":[408],"product_tag":[310],"_links":{"self":[{"href":"https:\/\/shop.growcube.sk\/de\/wp-json\/wp\/v2\/product\/4480"}],"collection":[{"href":"https:\/\/shop.growcube.sk\/de\/wp-json\/wp\/v2\/product"}],"about":[{"href":"https:\/\/shop.growcube.sk\/de\/wp-json\/wp\/v2\/types\/product"}],"version-history":[{"count":0,"href":"https:\/\/shop.growcube.sk\/de\/wp-json\/wp\/v2\/product\/4480\/revisions"}],"wp:featuredmedia":[{"embeddable":true,"href":"https:\/\/shop.growcube.sk\/de\/wp-json\/wp\/v2\/media\/4481"}],"wp:attachment":[{"href":"https:\/\/shop.growcube.sk\/de\/wp-json\/wp\/v2\/media?parent=4480"}],"wp:term":[{"taxonomy":"product_cat","embeddable":true,"href":"https:\/\/shop.growcube.sk\/de\/wp-json\/wp\/v2\/product_cat?post=4480"},{"taxonomy":"product_tag","embeddable":true,"href":"https:\/\/shop.growcube.sk\/de\/wp-json\/wp\/v2\/product_tag?post=4480"}],"curies":[{"name":"wp","href":"https:\/\/api.w.org\/{rel}","templated":true}]}}