{"id":4477,"date":"2021-06-09T13:44:04","date_gmt":"2021-06-09T11:44:04","guid":{"rendered":"https:\/\/shop.growcube.sk\/produkt\/pfefferoni-de-cayenne\/"},"modified":"2022-07-18T10:19:22","modified_gmt":"2022-07-18T08:19:22","slug":"pfefferoni-de-cayenne","status":"publish","type":"product","link":"https:\/\/shop.growcube.sk\/de\/produkt\/pfefferoni-de-cayenne\/","title":{"rendered":"Pfefferoni de Cayenne"},"content":{"rendered":"<p>Eine sehr ertragreiche, fr\u00fch reifende Chilisorte, aus deren feurigen Fr\u00fcchten der ber\u00fchmte Cayennepfeffer gewonnen wird. Stabiler Pflanzenstruktur. Dunkelrot, ca. 10 cm lange Schoten mit feinem, leicht rauchigem Geschmack. Scharfe Chilischoten werden auf vielf\u00e4ltige Weise verwendet, sowohl frisch als auch getrocknet. Sch\u00e4rfegrad: 6 &#8211; 7. Packungsgewicht 6 g.<\/p>\n","protected":false},"excerpt":{"rendered":"<p>Eine sehr ertragreiche, fr\u00fch reifende Chilisorte, aus deren feurigen Fr\u00fcchten der ber\u00fchmte Cayennepfeffer gewonnen wird. Stabiler Pflanzenstruktur. Dunkelrot, ca. 10 cm lange Schoten mit feinem, leicht rauchigem Geschmack. Scharfe Chilischoten werden auf vielf\u00e4ltige Weise verwendet, sowohl frisch als auch getrocknet. Sch\u00e4rfegrad: 6 &#8211; 7. Packungsgewicht 6 g.<\/p>\n","protected":false},"featured_media":4478,"template":"","meta":{"inline_featured_image":false},"product_cat":[408],"product_tag":[310],"_links":{"self":[{"href":"https:\/\/shop.growcube.sk\/de\/wp-json\/wp\/v2\/product\/4477"}],"collection":[{"href":"https:\/\/shop.growcube.sk\/de\/wp-json\/wp\/v2\/product"}],"about":[{"href":"https:\/\/shop.growcube.sk\/de\/wp-json\/wp\/v2\/types\/product"}],"version-history":[{"count":1,"href":"https:\/\/shop.growcube.sk\/de\/wp-json\/wp\/v2\/product\/4477\/revisions"}],"predecessor-version":[{"id":4479,"href":"https:\/\/shop.growcube.sk\/de\/wp-json\/wp\/v2\/product\/4477\/revisions\/4479"}],"wp:featuredmedia":[{"embeddable":true,"href":"https:\/\/shop.growcube.sk\/de\/wp-json\/wp\/v2\/media\/4478"}],"wp:attachment":[{"href":"https:\/\/shop.growcube.sk\/de\/wp-json\/wp\/v2\/media?parent=4477"}],"wp:term":[{"taxonomy":"product_cat","embeddable":true,"href":"https:\/\/shop.growcube.sk\/de\/wp-json\/wp\/v2\/product_cat?post=4477"},{"taxonomy":"product_tag","embeddable":true,"href":"https:\/\/shop.growcube.sk\/de\/wp-json\/wp\/v2\/product_tag?post=4477"}],"curies":[{"name":"wp","href":"https:\/\/api.w.org\/{rel}","templated":true}]}}