{"id":4475,"date":"2022-01-24T11:09:37","date_gmt":"2022-01-24T10:09:37","guid":{"rendered":"https:\/\/shop.growcube.sk\/produkt\/kohl-langedijska\/"},"modified":"2022-01-24T11:09:37","modified_gmt":"2022-01-24T10:09:37","slug":"kohl-langedijska","status":"publish","type":"product","link":"https:\/\/shop.growcube.sk\/de\/produkt\/kohl-langedijska\/","title":{"rendered":"Kohl Langedijska"},"content":{"rendered":"<p>Langedijska-Kohl ist eine Wintersorte mit sehr guter Haltbarkeit. Sie bildet sch\u00f6ne, gro\u00dfe, runde und feste K\u00f6pfe mit mittel- bis hellgr\u00fcnen Bl\u00e4ttern. Paketgewicht 6 g.<\/p>\n","protected":false},"excerpt":{"rendered":"<p>Langedijska-Kohl ist eine Wintersorte mit sehr guter Haltbarkeit. Sie bildet sch\u00f6ne, gro\u00dfe, runde und feste K\u00f6pfe mit mittel- bis hellgr\u00fcnen Bl\u00e4ttern. Paketgewicht 6 g.<\/p>\n","protected":false},"featured_media":4476,"template":"","meta":{"inline_featured_image":false},"product_cat":[408],"product_tag":[310],"_links":{"self":[{"href":"https:\/\/shop.growcube.sk\/de\/wp-json\/wp\/v2\/product\/4475"}],"collection":[{"href":"https:\/\/shop.growcube.sk\/de\/wp-json\/wp\/v2\/product"}],"about":[{"href":"https:\/\/shop.growcube.sk\/de\/wp-json\/wp\/v2\/types\/product"}],"version-history":[{"count":0,"href":"https:\/\/shop.growcube.sk\/de\/wp-json\/wp\/v2\/product\/4475\/revisions"}],"wp:featuredmedia":[{"embeddable":true,"href":"https:\/\/shop.growcube.sk\/de\/wp-json\/wp\/v2\/media\/4476"}],"wp:attachment":[{"href":"https:\/\/shop.growcube.sk\/de\/wp-json\/wp\/v2\/media?parent=4475"}],"wp:term":[{"taxonomy":"product_cat","embeddable":true,"href":"https:\/\/shop.growcube.sk\/de\/wp-json\/wp\/v2\/product_cat?post=4475"},{"taxonomy":"product_tag","embeddable":true,"href":"https:\/\/shop.growcube.sk\/de\/wp-json\/wp\/v2\/product_tag?post=4475"}],"curies":[{"name":"wp","href":"https:\/\/api.w.org\/{rel}","templated":true}]}}