{"id":4473,"date":"2022-01-24T11:22:02","date_gmt":"2022-01-24T10:22:02","guid":{"rendered":"https:\/\/shop.growcube.sk\/produkt\/grunkohl-rosco\/"},"modified":"2022-01-24T11:22:02","modified_gmt":"2022-01-24T10:22:02","slug":"grunkohl-rosco","status":"publish","type":"product","link":"https:\/\/shop.growcube.sk\/de\/produkt\/grunkohl-rosco\/","title":{"rendered":"Grunkohl Rosco"},"content":{"rendered":"<p>Grunkohl Rosco Rotkohl hat kr\u00e4ftige, dunkelviolette, stark gekr\u00e4uselte Bl\u00e4tter, die nach Frost einen typischen, leicht s\u00fc\u00dflichen und aromatischen Geschmack entwinkeln, einzelne Bl\u00e4tter k\u00f6nnen den ganzen Winter \u00fcber gesamlet werden. Paketgewicht 6 g.<\/p>\n","protected":false},"excerpt":{"rendered":"<p>Grunkohl Rosco Rotkohl hat kr\u00e4ftige, dunkelviolette, stark gekr\u00e4uselte Bl\u00e4tter, die nach Frost einen typischen, leicht s\u00fc\u00dflichen und aromatischen Geschmack entwinkeln, einzelne Bl\u00e4tter k\u00f6nnen den ganzen Winter \u00fcber gesamlet werden. Paketgewicht 6 g.<\/p>\n","protected":false},"featured_media":4474,"template":"","meta":{"inline_featured_image":false},"product_cat":[408],"product_tag":[310],"_links":{"self":[{"href":"https:\/\/shop.growcube.sk\/de\/wp-json\/wp\/v2\/product\/4473"}],"collection":[{"href":"https:\/\/shop.growcube.sk\/de\/wp-json\/wp\/v2\/product"}],"about":[{"href":"https:\/\/shop.growcube.sk\/de\/wp-json\/wp\/v2\/types\/product"}],"version-history":[{"count":0,"href":"https:\/\/shop.growcube.sk\/de\/wp-json\/wp\/v2\/product\/4473\/revisions"}],"wp:featuredmedia":[{"embeddable":true,"href":"https:\/\/shop.growcube.sk\/de\/wp-json\/wp\/v2\/media\/4474"}],"wp:attachment":[{"href":"https:\/\/shop.growcube.sk\/de\/wp-json\/wp\/v2\/media?parent=4473"}],"wp:term":[{"taxonomy":"product_cat","embeddable":true,"href":"https:\/\/shop.growcube.sk\/de\/wp-json\/wp\/v2\/product_cat?post=4473"},{"taxonomy":"product_tag","embeddable":true,"href":"https:\/\/shop.growcube.sk\/de\/wp-json\/wp\/v2\/product_tag?post=4473"}],"curies":[{"name":"wp","href":"https:\/\/api.w.org\/{rel}","templated":true}]}}