{"id":4469,"date":"2021-06-04T13:27:36","date_gmt":"2021-06-04T11:27:36","guid":{"rendered":"https:\/\/shop.growcube.sk\/produkt\/mangold-tre-colori\/"},"modified":"2021-06-04T13:27:36","modified_gmt":"2021-06-04T11:27:36","slug":"mangold-tre-colori","status":"publish","type":"product","link":"https:\/\/shop.growcube.sk\/de\/produkt\/mangold-tre-colori\/","title":{"rendered":"Mangold Tre Colori"},"content":{"rendered":"<p>Attraktiver, mittelhoher Stielmangold mit farblich nuancierten Stielen in wei\u00df, orange und rot. Auch die Bl\u00e4tter variieren von leuchtend gr\u00fcn bis violett-rot. Die Farbe bleibt beim Kochen gut erhalten. Guter Geschmack. Interessante Sorte f\u00fcr Direktvermarktung und Hausgarten. Paketgewicht 7 g.<\/p>\n","protected":false},"excerpt":{"rendered":"<p>Attraktiver, mittelhoher Stielmangold mit farblich nuancierten Stielen in wei\u00df, orange und rot. Auch die Bl\u00e4tter variieren von leuchtend gr\u00fcn bis violett-rot. Die Farbe bleibt beim Kochen gut erhalten. Guter Geschmack. Interessante Sorte f\u00fcr Direktvermarktung und Hausgarten.<\/p>\n","protected":false},"featured_media":4470,"template":"","meta":{"inline_featured_image":false},"product_cat":[408],"product_tag":[310],"_links":{"self":[{"href":"https:\/\/shop.growcube.sk\/de\/wp-json\/wp\/v2\/product\/4469"}],"collection":[{"href":"https:\/\/shop.growcube.sk\/de\/wp-json\/wp\/v2\/product"}],"about":[{"href":"https:\/\/shop.growcube.sk\/de\/wp-json\/wp\/v2\/types\/product"}],"version-history":[{"count":0,"href":"https:\/\/shop.growcube.sk\/de\/wp-json\/wp\/v2\/product\/4469\/revisions"}],"wp:featuredmedia":[{"embeddable":true,"href":"https:\/\/shop.growcube.sk\/de\/wp-json\/wp\/v2\/media\/4470"}],"wp:attachment":[{"href":"https:\/\/shop.growcube.sk\/de\/wp-json\/wp\/v2\/media?parent=4469"}],"wp:term":[{"taxonomy":"product_cat","embeddable":true,"href":"https:\/\/shop.growcube.sk\/de\/wp-json\/wp\/v2\/product_cat?post=4469"},{"taxonomy":"product_tag","embeddable":true,"href":"https:\/\/shop.growcube.sk\/de\/wp-json\/wp\/v2\/product_tag?post=4469"}],"curies":[{"name":"wp","href":"https:\/\/api.w.org\/{rel}","templated":true}]}}