{"id":4467,"date":"2020-08-14T16:09:05","date_gmt":"2020-08-14T14:09:05","guid":{"rendered":"https:\/\/shop.growcube.sk\/produkt\/sellerie-albin\/"},"modified":"2020-08-14T16:09:05","modified_gmt":"2020-08-14T14:09:05","slug":"sellerie-albin","status":"publish","type":"product","link":"https:\/\/shop.growcube.sk\/de\/produkt\/sellerie-albin\/","title":{"rendered":"Sellerie Albin"},"content":{"rendered":"<p>Dieser mittelsp\u00e4te, sehr ertragreiche Knollensellerie mit gesundem Wuchs, geringem Wurzelansatz und aufrecht wachsendem Laub liefert gro\u00dfe Knollen mit reinwei\u00dfem Fruchtfleisch. Die Farbe bleibt auch bei der Konservierung erhalten. Gesch\u00fctzter Anbau ab Ende J\u00e4nner m\u00f6glich. Geeignet f\u00fcr alle Vermarktungsformen mit und ohne Laub. Paketgewicht 5 g.<\/p>\n","protected":false},"excerpt":{"rendered":"<p>Dieser mittelsp\u00e4te, sehr ertragreiche Knollensellerie mit gesundem Wuchs, geringem Wurzelansatz und aufrecht wachsendem Laub liefert gro\u00dfe Knollen mit reinwei\u00dfem Fruchtfleisch. Die Farbe bleibt auch bei der Konservierung erhalten. Gesch\u00fctzter Anbau ab Ende J\u00e4nner m\u00f6glich. Geeignet f\u00fcr alle Vermarktungsformen mit und ohne Laub.<\/p>\n","protected":false},"featured_media":4468,"template":"","meta":{"inline_featured_image":false},"product_cat":[408,348],"product_tag":[310],"_links":{"self":[{"href":"https:\/\/shop.growcube.sk\/de\/wp-json\/wp\/v2\/product\/4467"}],"collection":[{"href":"https:\/\/shop.growcube.sk\/de\/wp-json\/wp\/v2\/product"}],"about":[{"href":"https:\/\/shop.growcube.sk\/de\/wp-json\/wp\/v2\/types\/product"}],"version-history":[{"count":0,"href":"https:\/\/shop.growcube.sk\/de\/wp-json\/wp\/v2\/product\/4467\/revisions"}],"wp:featuredmedia":[{"embeddable":true,"href":"https:\/\/shop.growcube.sk\/de\/wp-json\/wp\/v2\/media\/4468"}],"wp:attachment":[{"href":"https:\/\/shop.growcube.sk\/de\/wp-json\/wp\/v2\/media?parent=4467"}],"wp:term":[{"taxonomy":"product_cat","embeddable":true,"href":"https:\/\/shop.growcube.sk\/de\/wp-json\/wp\/v2\/product_cat?post=4467"},{"taxonomy":"product_tag","embeddable":true,"href":"https:\/\/shop.growcube.sk\/de\/wp-json\/wp\/v2\/product_tag?post=4467"}],"curies":[{"name":"wp","href":"https:\/\/api.w.org\/{rel}","templated":true}]}}