{"id":4450,"date":"2020-08-14T16:08:57","date_gmt":"2020-08-14T14:08:57","guid":{"rendered":"https:\/\/shop.growcube.sk\/produkt\/zucchini-temprano\/"},"modified":"2020-08-14T16:08:57","modified_gmt":"2020-08-14T14:08:57","slug":"zucchini-temprano","status":"publish","type":"product","link":"https:\/\/shop.growcube.sk\/de\/produkt\/zucchini-temprano\/","title":{"rendered":"Zucchini Temprano"},"content":{"rendered":"<p>Hellgr\u00fcne, zylindrische, leicht gesprenkelte Fr\u00fcchte. Besonders f\u00fcr den fr\u00fchen Anbau geeignet. Ende Juni &#8211; Anfang Juli empfiehlt sich der Anbau eines 2. Satzes. Rankende Sorte, feiner Geschmack. Paketgewicht 6 g.<\/p>\n","protected":false},"excerpt":{"rendered":"<p>Hellgr\u00fcne, zylindrische, leicht gesprenkelte Fr\u00fcchte. Besonders f\u00fcr den fr\u00fchen Anbau geeignet. Ende Juni &#8211; Anfang Juli empfiehlt sich der Anbau eines 2. Satzes. Rankende Sorte, feiner Geschmack. Paketgewicht 6 g.<\/p>\n","protected":false},"featured_media":4451,"template":"","meta":{"inline_featured_image":false},"product_cat":[408],"product_tag":[310],"_links":{"self":[{"href":"https:\/\/shop.growcube.sk\/de\/wp-json\/wp\/v2\/product\/4450"}],"collection":[{"href":"https:\/\/shop.growcube.sk\/de\/wp-json\/wp\/v2\/product"}],"about":[{"href":"https:\/\/shop.growcube.sk\/de\/wp-json\/wp\/v2\/types\/product"}],"version-history":[{"count":0,"href":"https:\/\/shop.growcube.sk\/de\/wp-json\/wp\/v2\/product\/4450\/revisions"}],"wp:featuredmedia":[{"embeddable":true,"href":"https:\/\/shop.growcube.sk\/de\/wp-json\/wp\/v2\/media\/4451"}],"wp:attachment":[{"href":"https:\/\/shop.growcube.sk\/de\/wp-json\/wp\/v2\/media?parent=4450"}],"wp:term":[{"taxonomy":"product_cat","embeddable":true,"href":"https:\/\/shop.growcube.sk\/de\/wp-json\/wp\/v2\/product_cat?post=4450"},{"taxonomy":"product_tag","embeddable":true,"href":"https:\/\/shop.growcube.sk\/de\/wp-json\/wp\/v2\/product_tag?post=4450"}],"curies":[{"name":"wp","href":"https:\/\/api.w.org\/{rel}","templated":true}]}}