{"id":4446,"date":"2020-08-14T16:08:56","date_gmt":"2020-08-14T14:08:56","guid":{"rendered":"https:\/\/shop.growcube.sk\/produkt\/tomaten-rote-ribisel\/"},"modified":"2020-08-14T16:08:56","modified_gmt":"2020-08-14T14:08:56","slug":"tomaten-rote-ribisel","status":"publish","type":"product","link":"https:\/\/shop.growcube.sk\/de\/produkt\/tomaten-rote-ribisel\/","title":{"rendered":"Tomaten Rote Ribisel"},"content":{"rendered":"<p>Wildtomatentyp, der ohne Anbinden oder Ausgeizen eine sehr dekorative, von leuchtend rotvioletten Fr\u00fcchten \u00fcbers\u00e4te Pflanze bildet. Die vielen kleinen Tomaten sind \u00e4u\u00dferst aromatisch und verlocken zum Naschen. Fruchtdurchmesser ca. 1,5 cm. Wildtomaten ben\u00f6tigen weniger D\u00fcngung und Wasser und sind toleranter gegen Kraut- und Fruchtf\u00e4ule. Paketgewicht 5 g.<\/p>\n","protected":false},"excerpt":{"rendered":"<p>Wildtomatentyp, der ohne Anbinden oder Ausgeizen eine sehr dekorative, von leuchtend rotvioletten Fr\u00fcchten \u00fcbers\u00e4te Pflanze bildet. Die vielen kleinen Tomaten sind \u00e4u\u00dferst aromatisch und verlocken zum Naschen. Fruchtdurchmesser ca. 1,5 cm. Wildtomaten ben\u00f6tigen weniger D\u00fcngung und Wasser und sind toleranter gegen Kraut- und Fruchtf\u00e4ule.<\/p>\n","protected":false},"featured_media":4447,"template":"","meta":{"inline_featured_image":false},"product_cat":[408,334],"product_tag":[310],"_links":{"self":[{"href":"https:\/\/shop.growcube.sk\/de\/wp-json\/wp\/v2\/product\/4446"}],"collection":[{"href":"https:\/\/shop.growcube.sk\/de\/wp-json\/wp\/v2\/product"}],"about":[{"href":"https:\/\/shop.growcube.sk\/de\/wp-json\/wp\/v2\/types\/product"}],"version-history":[{"count":0,"href":"https:\/\/shop.growcube.sk\/de\/wp-json\/wp\/v2\/product\/4446\/revisions"}],"wp:featuredmedia":[{"embeddable":true,"href":"https:\/\/shop.growcube.sk\/de\/wp-json\/wp\/v2\/media\/4447"}],"wp:attachment":[{"href":"https:\/\/shop.growcube.sk\/de\/wp-json\/wp\/v2\/media?parent=4446"}],"wp:term":[{"taxonomy":"product_cat","embeddable":true,"href":"https:\/\/shop.growcube.sk\/de\/wp-json\/wp\/v2\/product_cat?post=4446"},{"taxonomy":"product_tag","embeddable":true,"href":"https:\/\/shop.growcube.sk\/de\/wp-json\/wp\/v2\/product_tag?post=4446"}],"curies":[{"name":"wp","href":"https:\/\/api.w.org\/{rel}","templated":true}]}}