{"id":4443,"date":"2020-08-14T16:08:56","date_gmt":"2020-08-14T14:08:56","guid":{"rendered":"https:\/\/shop.growcube.sk\/produkt\/tomaten-paul-robeson\/"},"modified":"2022-07-18T09:15:17","modified_gmt":"2022-07-18T07:15:17","slug":"tomaten-paul-robeson","status":"publish","type":"product","link":"https:\/\/shop.growcube.sk\/de\/produkt\/tomaten-paul-robeson\/","title":{"rendered":"Tomaten Paul Robeson"},"content":{"rendered":"<p>W\u00fcchsige Sorte mit gro\u00dfen, ovalrunden, braunroten Fr\u00fcchten. Die Fr\u00fcchte sind dickfleischig, saftig und von sehr gutem Geschmack. Durchschnittliches Fruchtgewicht 150 g. Sorte wurde benannt nach dem Operns\u00e4nger Paul Robeson. Urspr\u00fcngliche Herkunft: USA Paketgewicht 5 g.<\/p>\n","protected":false},"excerpt":{"rendered":"<p>W\u00fcchsige Sorte mit gro\u00dfen, ovalrunden, braunroten Fr\u00fcchten. Die Fr\u00fcchte sind dickfleischig, saftig und von sehr gutem Geschmack. Durchschnittliches Fruchtgewicht 150 g. Sorte wurde benannt nach dem Operns\u00e4nger Paul Robeson. Urspr\u00fcngliche Herkunft: USA<\/p>\n","protected":false},"featured_media":4444,"template":"","meta":{"inline_featured_image":false},"product_cat":[408,307,334],"product_tag":[310],"_links":{"self":[{"href":"https:\/\/shop.growcube.sk\/de\/wp-json\/wp\/v2\/product\/4443"}],"collection":[{"href":"https:\/\/shop.growcube.sk\/de\/wp-json\/wp\/v2\/product"}],"about":[{"href":"https:\/\/shop.growcube.sk\/de\/wp-json\/wp\/v2\/types\/product"}],"version-history":[{"count":1,"href":"https:\/\/shop.growcube.sk\/de\/wp-json\/wp\/v2\/product\/4443\/revisions"}],"predecessor-version":[{"id":4445,"href":"https:\/\/shop.growcube.sk\/de\/wp-json\/wp\/v2\/product\/4443\/revisions\/4445"}],"wp:featuredmedia":[{"embeddable":true,"href":"https:\/\/shop.growcube.sk\/de\/wp-json\/wp\/v2\/media\/4444"}],"wp:attachment":[{"href":"https:\/\/shop.growcube.sk\/de\/wp-json\/wp\/v2\/media?parent=4443"}],"wp:term":[{"taxonomy":"product_cat","embeddable":true,"href":"https:\/\/shop.growcube.sk\/de\/wp-json\/wp\/v2\/product_cat?post=4443"},{"taxonomy":"product_tag","embeddable":true,"href":"https:\/\/shop.growcube.sk\/de\/wp-json\/wp\/v2\/product_tag?post=4443"}],"curies":[{"name":"wp","href":"https:\/\/api.w.org\/{rel}","templated":true}]}}