{"id":4440,"date":"2020-08-14T16:08:57","date_gmt":"2020-08-14T14:08:57","guid":{"rendered":"https:\/\/shop.growcube.sk\/produkt\/tomaten-rs-to-13-20\/"},"modified":"2022-07-18T09:14:02","modified_gmt":"2022-07-18T07:14:02","slug":"tomaten-rs-to-13-20","status":"publish","type":"product","link":"https:\/\/shop.growcube.sk\/de\/produkt\/tomaten-rs-to-13-20\/","title":{"rendered":"Tomaten RS-To-13.20"},"content":{"rendered":"<p>Z\u00fcchter: Reinsaat In der Sortenpr\u00fcfung. Saatgut f\u00fcr den Versuchsanbau. Kompakte, kleinw\u00fcchsige, leuchtend gelbe Cocktailtomate mit brauen Schultern. Sehr reichtragend und fr\u00fch. Speziell f\u00fcr Topfkultur geeignet. Wuchsh\u00f6he max. 50 cm. Ideal f\u00fcr den Frischverzehr als Snackgem\u00fcse. Paketgewicht 5 g.<\/p>\n","protected":false},"excerpt":{"rendered":"<p>Z\u00fcchter: Reinsaat In der Sortenpr\u00fcfung. Saatgut f\u00fcr den Versuchsanbau. Kompakte, kleinw\u00fcchsige, leuchtend gelbe Cocktailtomate mit brauen Schultern. Sehr reichtragend und fr\u00fch. Speziell f\u00fcr Topfkultur geeignet. Wuchsh\u00f6he max. 50 cm. Ideal f\u00fcr den Frischverzehr als Snackgem\u00fcse.<\/p>\n","protected":false},"featured_media":4441,"template":"","meta":{"inline_featured_image":false},"product_cat":[341,408,334],"product_tag":[310],"_links":{"self":[{"href":"https:\/\/shop.growcube.sk\/de\/wp-json\/wp\/v2\/product\/4440"}],"collection":[{"href":"https:\/\/shop.growcube.sk\/de\/wp-json\/wp\/v2\/product"}],"about":[{"href":"https:\/\/shop.growcube.sk\/de\/wp-json\/wp\/v2\/types\/product"}],"version-history":[{"count":1,"href":"https:\/\/shop.growcube.sk\/de\/wp-json\/wp\/v2\/product\/4440\/revisions"}],"predecessor-version":[{"id":4442,"href":"https:\/\/shop.growcube.sk\/de\/wp-json\/wp\/v2\/product\/4440\/revisions\/4442"}],"wp:featuredmedia":[{"embeddable":true,"href":"https:\/\/shop.growcube.sk\/de\/wp-json\/wp\/v2\/media\/4441"}],"wp:attachment":[{"href":"https:\/\/shop.growcube.sk\/de\/wp-json\/wp\/v2\/media?parent=4440"}],"wp:term":[{"taxonomy":"product_cat","embeddable":true,"href":"https:\/\/shop.growcube.sk\/de\/wp-json\/wp\/v2\/product_cat?post=4440"},{"taxonomy":"product_tag","embeddable":true,"href":"https:\/\/shop.growcube.sk\/de\/wp-json\/wp\/v2\/product_tag?post=4440"}],"curies":[{"name":"wp","href":"https:\/\/api.w.org\/{rel}","templated":true}]}}