{"id":4437,"date":"2020-08-14T16:08:57","date_gmt":"2020-08-14T14:08:57","guid":{"rendered":"https:\/\/shop.growcube.sk\/produkt\/tomaten-aztek\/"},"modified":"2022-07-18T09:12:32","modified_gmt":"2022-07-18T07:12:32","slug":"tomaten-aztek","status":"publish","type":"product","link":"https:\/\/shop.growcube.sk\/de\/produkt\/tomaten-aztek\/","title":{"rendered":"Tomaten Aztek"},"content":{"rendered":"<p>Sehr kompakte kleinw\u00fcchsige Cocktailtomate, ideal f\u00fcr kleine T\u00f6pfe und Balkonk\u00e4sten, sehr reichtragend. Wuchsh\u00f6he bis 20 &#8211; 30 cm. Gelbe wohlschmeckende Fr\u00fcchte mit 15 &#8211; 20g. Paketgewicht 6 g.<\/p>\n","protected":false},"excerpt":{"rendered":"<p>Sehr kompakte kleinw\u00fcchsige Cocktailtomate, ideal f\u00fcr kleine T\u00f6pfe und Balkonk\u00e4sten, sehr reichtragend. Wuchsh\u00f6he bis 20 &#8211; 30 cm. Gelbe wohlschmeckende Fr\u00fcchte mit 15 &#8211; 20g.<\/p>\n","protected":false},"featured_media":4438,"template":"","meta":{"inline_featured_image":false},"product_cat":[341,408,334],"product_tag":[310],"_links":{"self":[{"href":"https:\/\/shop.growcube.sk\/de\/wp-json\/wp\/v2\/product\/4437"}],"collection":[{"href":"https:\/\/shop.growcube.sk\/de\/wp-json\/wp\/v2\/product"}],"about":[{"href":"https:\/\/shop.growcube.sk\/de\/wp-json\/wp\/v2\/types\/product"}],"version-history":[{"count":1,"href":"https:\/\/shop.growcube.sk\/de\/wp-json\/wp\/v2\/product\/4437\/revisions"}],"predecessor-version":[{"id":4439,"href":"https:\/\/shop.growcube.sk\/de\/wp-json\/wp\/v2\/product\/4437\/revisions\/4439"}],"wp:featuredmedia":[{"embeddable":true,"href":"https:\/\/shop.growcube.sk\/de\/wp-json\/wp\/v2\/media\/4438"}],"wp:attachment":[{"href":"https:\/\/shop.growcube.sk\/de\/wp-json\/wp\/v2\/media?parent=4437"}],"wp:term":[{"taxonomy":"product_cat","embeddable":true,"href":"https:\/\/shop.growcube.sk\/de\/wp-json\/wp\/v2\/product_cat?post=4437"},{"taxonomy":"product_tag","embeddable":true,"href":"https:\/\/shop.growcube.sk\/de\/wp-json\/wp\/v2\/product_tag?post=4437"}],"curies":[{"name":"wp","href":"https:\/\/api.w.org\/{rel}","templated":true}]}}