{"id":4430,"date":"2020-08-14T16:09:04","date_gmt":"2020-08-14T14:09:04","guid":{"rendered":"https:\/\/shop.growcube.sk\/produkt\/spinat-winterriesen-stamm-verdil\/"},"modified":"2020-08-14T16:09:04","modified_gmt":"2020-08-14T14:09:04","slug":"spinat-winterriesen-stamm-verdil","status":"publish","type":"product","link":"https:\/\/shop.growcube.sk\/de\/produkt\/spinat-winterriesen-stamm-verdil\/","title":{"rendered":"Spinat Winterriesen Stamm Verdil"},"content":{"rendered":"<p>Sehr z\u00fcgiges Wachstum mit gro\u00dfen, kr\u00e4ftigen Bl\u00e4ttern; sch\u00f6ne Rosettenbildung bei mittelgr\u00fcner Farbe. Geschmack besonders aromatisch, deshalb auch bestens roh geeignet als Spinatsalat. F\u00fcr Fr\u00fchjahr-, Herbst- und \u00dcberwinterungsanbau. 3 cm-Einzelkornsaat ist empfehlenswert. Paketgewicht 33 g.<\/p>\n","protected":false},"excerpt":{"rendered":"<p>Sehr z\u00fcgiges Wachstum mit gro\u00dfen, kr\u00e4ftigen Bl\u00e4ttern; sch\u00f6ne Rosettenbildung bei mittelgr\u00fcner Farbe. Geschmack besonders aromatisch, deshalb auch bestens roh geeignet als Spinatsalat. F\u00fcr Fr\u00fchjahr-, Herbst- und \u00dcberwinterungsanbau. 3 cm-Einzelkornsaat ist empfehlenswert.<\/p>\n","protected":false},"featured_media":4431,"template":"","meta":{"inline_featured_image":false},"product_cat":[408,350],"product_tag":[310],"_links":{"self":[{"href":"https:\/\/shop.growcube.sk\/de\/wp-json\/wp\/v2\/product\/4430"}],"collection":[{"href":"https:\/\/shop.growcube.sk\/de\/wp-json\/wp\/v2\/product"}],"about":[{"href":"https:\/\/shop.growcube.sk\/de\/wp-json\/wp\/v2\/types\/product"}],"version-history":[{"count":0,"href":"https:\/\/shop.growcube.sk\/de\/wp-json\/wp\/v2\/product\/4430\/revisions"}],"wp:featuredmedia":[{"embeddable":true,"href":"https:\/\/shop.growcube.sk\/de\/wp-json\/wp\/v2\/media\/4431"}],"wp:attachment":[{"href":"https:\/\/shop.growcube.sk\/de\/wp-json\/wp\/v2\/media?parent=4430"}],"wp:term":[{"taxonomy":"product_cat","embeddable":true,"href":"https:\/\/shop.growcube.sk\/de\/wp-json\/wp\/v2\/product_cat?post=4430"},{"taxonomy":"product_tag","embeddable":true,"href":"https:\/\/shop.growcube.sk\/de\/wp-json\/wp\/v2\/product_tag?post=4430"}],"curies":[{"name":"wp","href":"https:\/\/api.w.org\/{rel}","templated":true}]}}