{"id":4427,"date":"2020-08-14T16:09:04","date_gmt":"2020-08-14T14:09:04","guid":{"rendered":"https:\/\/shop.growcube.sk\/produkt\/spinat-butterflay\/"},"modified":"2022-07-18T09:05:49","modified_gmt":"2022-07-18T07:05:49","slug":"spinat-butterflay","status":"publish","type":"product","link":"https:\/\/shop.growcube.sk\/de\/produkt\/spinat-butterflay\/","title":{"rendered":"Spinat Butterflay"},"content":{"rendered":"<p>F\u00fcr Fr\u00fchjahrs- und Herbstanbau, auch f\u00fcr \u00dcberwinterung. Sehr robust, mehltautolerant. Raschw\u00fcchsig und sp\u00e4tschie\u00dfend. Kr\u00e4ftig gr\u00fcne Blattfarbe. Paketgewicht 30 g.<\/p>\n","protected":false},"excerpt":{"rendered":"<p>F\u00fcr Fr\u00fchjahrs- und Herbstanbau, auch f\u00fcr \u00dcberwinterung. Sehr robust, mehltautolerant. Raschw\u00fcchsig und sp\u00e4tschie\u00dfend. Kr\u00e4ftig gr\u00fcne Blattfarbe.<\/p>\n","protected":false},"featured_media":4428,"template":"","meta":{"inline_featured_image":false},"product_cat":[408,350],"product_tag":[310],"_links":{"self":[{"href":"https:\/\/shop.growcube.sk\/de\/wp-json\/wp\/v2\/product\/4427"}],"collection":[{"href":"https:\/\/shop.growcube.sk\/de\/wp-json\/wp\/v2\/product"}],"about":[{"href":"https:\/\/shop.growcube.sk\/de\/wp-json\/wp\/v2\/types\/product"}],"version-history":[{"count":1,"href":"https:\/\/shop.growcube.sk\/de\/wp-json\/wp\/v2\/product\/4427\/revisions"}],"predecessor-version":[{"id":4429,"href":"https:\/\/shop.growcube.sk\/de\/wp-json\/wp\/v2\/product\/4427\/revisions\/4429"}],"wp:featuredmedia":[{"embeddable":true,"href":"https:\/\/shop.growcube.sk\/de\/wp-json\/wp\/v2\/media\/4428"}],"wp:attachment":[{"href":"https:\/\/shop.growcube.sk\/de\/wp-json\/wp\/v2\/media?parent=4427"}],"wp:term":[{"taxonomy":"product_cat","embeddable":true,"href":"https:\/\/shop.growcube.sk\/de\/wp-json\/wp\/v2\/product_cat?post=4427"},{"taxonomy":"product_tag","embeddable":true,"href":"https:\/\/shop.growcube.sk\/de\/wp-json\/wp\/v2\/product_tag?post=4427"}],"curies":[{"name":"wp","href":"https:\/\/api.w.org\/{rel}","templated":true}]}}