{"id":4422,"date":"2020-08-14T16:09:05","date_gmt":"2020-08-14T14:09:05","guid":{"rendered":"https:\/\/shop.growcube.sk\/produkt\/sellerie-monarch\/"},"modified":"2020-08-14T16:09:05","modified_gmt":"2020-08-14T14:09:05","slug":"sellerie-monarch","status":"publish","type":"product","link":"https:\/\/shop.growcube.sk\/de\/produkt\/sellerie-monarch\/","title":{"rendered":"Sellerie Monarch"},"content":{"rendered":"<p>Sehr gro\u00dfe und sehr schwere, trapezf\u00f6rmig bis runde, hellfarbige Knolle mit tiefliegendem Wurzelboden. Hervorragend wei\u00dfe und feste Innenqualit\u00e4t. Unempfindlich gegen Eisenflecken. Bleibt auch beim Kochen wei\u00df. Angenehm milder, nussartiger Geschmack, bestens zum Einlagern. Paketgewicht 5 g.<\/p>\n","protected":false},"excerpt":{"rendered":"<p>Sehr gro\u00dfe und sehr schwere, trapezf\u00f6rmig bis runde, hellfarbige Knolle mit tiefliegendem Wurzelboden. Hervorragend wei\u00dfe und feste Innenqualit\u00e4t. Unempfindlich gegen Eisenflecken. Bleibt auch beim Kochen wei\u00df. Angenehm milder, nussartiger Geschmack, bestens zum Einlagern.<\/p>\n","protected":false},"featured_media":4423,"template":"","meta":{"inline_featured_image":false},"product_cat":[408,348],"product_tag":[310],"_links":{"self":[{"href":"https:\/\/shop.growcube.sk\/de\/wp-json\/wp\/v2\/product\/4422"}],"collection":[{"href":"https:\/\/shop.growcube.sk\/de\/wp-json\/wp\/v2\/product"}],"about":[{"href":"https:\/\/shop.growcube.sk\/de\/wp-json\/wp\/v2\/types\/product"}],"version-history":[{"count":0,"href":"https:\/\/shop.growcube.sk\/de\/wp-json\/wp\/v2\/product\/4422\/revisions"}],"wp:featuredmedia":[{"embeddable":true,"href":"https:\/\/shop.growcube.sk\/de\/wp-json\/wp\/v2\/media\/4423"}],"wp:attachment":[{"href":"https:\/\/shop.growcube.sk\/de\/wp-json\/wp\/v2\/media?parent=4422"}],"wp:term":[{"taxonomy":"product_cat","embeddable":true,"href":"https:\/\/shop.growcube.sk\/de\/wp-json\/wp\/v2\/product_cat?post=4422"},{"taxonomy":"product_tag","embeddable":true,"href":"https:\/\/shop.growcube.sk\/de\/wp-json\/wp\/v2\/product_tag?post=4422"}],"curies":[{"name":"wp","href":"https:\/\/api.w.org\/{rel}","templated":true}]}}