{"id":4417,"date":"2020-08-14T16:09:05","date_gmt":"2020-08-14T14:09:05","guid":{"rendered":"https:\/\/shop.growcube.sk\/produkt\/tarzan\/"},"modified":"2022-07-18T08:57:55","modified_gmt":"2022-07-18T06:57:55","slug":"tarzan","status":"publish","type":"product","link":"https:\/\/shop.growcube.sk\/de\/produkt\/tarzan\/","title":{"rendered":"Tarzan"},"content":{"rendered":"<p>Diese Sorte ist gut geeignet f\u00fcr den Freilandanbau. Die gro\u00dfen Salatpflanzen haben leicht gewellte, saftig gr\u00fcne Umbl\u00e4tter. Die kompakten, hellgr\u00fcnen K\u00f6pfe sind gro\u00df, sch\u00f6n geschlossen und fest mit einem Gewicht bis zu 1 kg. Gute Scho\u00dffestigkeit. Anbau von Ende M\u00e4rz bis Mitte Juni. Ernte 80-90 Tage nach Aussaat. Paketgewicht 5 g.<\/p>\n","protected":false},"excerpt":{"rendered":"<p>Diese Sorte ist gut geeignet f\u00fcr den Freilandanbau. Die gro\u00dfen Salatpflanzen haben leicht gewellte, saftig gr\u00fcne Umbl\u00e4tter. Die kompakten, hellgr\u00fcnen K\u00f6pfe sind gro\u00df, sch\u00f6n geschlossen und fest mit einem Gewicht bis zu 1 kg. Gute Scho\u00dffestigkeit. Anbau von Ende M\u00e4rz bis Mitte Juni. Ernte 80-90 Tage nach Aussaat.<\/p>\n","protected":false},"featured_media":4418,"template":"","meta":{"inline_featured_image":false},"product_cat":[347,408,330],"product_tag":[310],"_links":{"self":[{"href":"https:\/\/shop.growcube.sk\/de\/wp-json\/wp\/v2\/product\/4417"}],"collection":[{"href":"https:\/\/shop.growcube.sk\/de\/wp-json\/wp\/v2\/product"}],"about":[{"href":"https:\/\/shop.growcube.sk\/de\/wp-json\/wp\/v2\/types\/product"}],"version-history":[{"count":1,"href":"https:\/\/shop.growcube.sk\/de\/wp-json\/wp\/v2\/product\/4417\/revisions"}],"predecessor-version":[{"id":4419,"href":"https:\/\/shop.growcube.sk\/de\/wp-json\/wp\/v2\/product\/4417\/revisions\/4419"}],"wp:featuredmedia":[{"embeddable":true,"href":"https:\/\/shop.growcube.sk\/de\/wp-json\/wp\/v2\/media\/4418"}],"wp:attachment":[{"href":"https:\/\/shop.growcube.sk\/de\/wp-json\/wp\/v2\/media?parent=4417"}],"wp:term":[{"taxonomy":"product_cat","embeddable":true,"href":"https:\/\/shop.growcube.sk\/de\/wp-json\/wp\/v2\/product_cat?post=4417"},{"taxonomy":"product_tag","embeddable":true,"href":"https:\/\/shop.growcube.sk\/de\/wp-json\/wp\/v2\/product_tag?post=4417"}],"curies":[{"name":"wp","href":"https:\/\/api.w.org\/{rel}","templated":true}]}}