{"id":4415,"date":"2020-08-14T16:09:16","date_gmt":"2020-08-14T14:09:16","guid":{"rendered":"https:\/\/shop.growcube.sk\/produkt\/radiese-wiener-runder-kohlschwarzer\/"},"modified":"2020-08-14T16:09:16","modified_gmt":"2020-08-14T14:09:16","slug":"radiese-wiener-runder-kohlschwarzer","status":"publish","type":"product","link":"https:\/\/shop.growcube.sk\/de\/produkt\/radiese-wiener-runder-kohlschwarzer\/","title":{"rendered":"Radiese Wiener Runder Kohlschwarzer"},"content":{"rendered":"<p>Kugelrunder, festfleischiger, aromatischer Winterrettich mit wei\u00dfem Fleisch und schwarzer Rinde. Vorz\u00fcgliche Lagerf\u00e4higkeit bei k\u00fchler und feuchter Lagerung (einschlagen). Aussaat von Juli-August. Paketgewicht 9 g.<\/p>\n","protected":false},"excerpt":{"rendered":"<p>Kugelrunder, festfleischiger, aromatischer Winterrettich mit wei\u00dfem Fleisch und schwarzer Rinde. Vorz\u00fcgliche Lagerf\u00e4higkeit bei k\u00fchler und feuchter Lagerung (einschlagen). Aussaat von Juli-August.<\/p>\n","protected":false},"featured_media":4416,"template":"","meta":{"inline_featured_image":false},"product_cat":[408,308,346],"product_tag":[310],"_links":{"self":[{"href":"https:\/\/shop.growcube.sk\/de\/wp-json\/wp\/v2\/product\/4415"}],"collection":[{"href":"https:\/\/shop.growcube.sk\/de\/wp-json\/wp\/v2\/product"}],"about":[{"href":"https:\/\/shop.growcube.sk\/de\/wp-json\/wp\/v2\/types\/product"}],"version-history":[{"count":0,"href":"https:\/\/shop.growcube.sk\/de\/wp-json\/wp\/v2\/product\/4415\/revisions"}],"wp:featuredmedia":[{"embeddable":true,"href":"https:\/\/shop.growcube.sk\/de\/wp-json\/wp\/v2\/media\/4416"}],"wp:attachment":[{"href":"https:\/\/shop.growcube.sk\/de\/wp-json\/wp\/v2\/media?parent=4415"}],"wp:term":[{"taxonomy":"product_cat","embeddable":true,"href":"https:\/\/shop.growcube.sk\/de\/wp-json\/wp\/v2\/product_cat?post=4415"},{"taxonomy":"product_tag","embeddable":true,"href":"https:\/\/shop.growcube.sk\/de\/wp-json\/wp\/v2\/product_tag?post=4415"}],"curies":[{"name":"wp","href":"https:\/\/api.w.org\/{rel}","templated":true}]}}