{"id":4413,"date":"2020-08-14T16:09:16","date_gmt":"2020-08-14T14:09:16","guid":{"rendered":"https:\/\/shop.growcube.sk\/produkt\/radiese-cherry-belle\/"},"modified":"2020-08-14T16:09:16","modified_gmt":"2020-08-14T14:09:16","slug":"radiese-cherry-belle","status":"publish","type":"product","link":"https:\/\/shop.growcube.sk\/de\/produkt\/radiese-cherry-belle\/","title":{"rendered":"Radiese Cherry Belle"},"content":{"rendered":"<p>Kurzlaubig, kirschrot und schnell wachsend. F\u00fcr Freilandanbau im Fr\u00fchjahr bis Fr\u00fchsommer sowie Herbst. Bew\u00e4hrte Hobbyg\u00e4rtnersorte. Paketgewicht 9 g.<\/p>\n","protected":false},"excerpt":{"rendered":"<p>Kurzlaubig, kirschrot und schnell wachsend. F\u00fcr Freilandanbau im Fr\u00fchjahr bis Fr\u00fchsommer sowie Herbst. Bew\u00e4hrte Hobbyg\u00e4rtnersorte.<\/p>\n","protected":false},"featured_media":4414,"template":"","meta":{"inline_featured_image":false},"product_cat":[408,327,308],"product_tag":[310],"_links":{"self":[{"href":"https:\/\/shop.growcube.sk\/de\/wp-json\/wp\/v2\/product\/4413"}],"collection":[{"href":"https:\/\/shop.growcube.sk\/de\/wp-json\/wp\/v2\/product"}],"about":[{"href":"https:\/\/shop.growcube.sk\/de\/wp-json\/wp\/v2\/types\/product"}],"version-history":[{"count":0,"href":"https:\/\/shop.growcube.sk\/de\/wp-json\/wp\/v2\/product\/4413\/revisions"}],"wp:featuredmedia":[{"embeddable":true,"href":"https:\/\/shop.growcube.sk\/de\/wp-json\/wp\/v2\/media\/4414"}],"wp:attachment":[{"href":"https:\/\/shop.growcube.sk\/de\/wp-json\/wp\/v2\/media?parent=4413"}],"wp:term":[{"taxonomy":"product_cat","embeddable":true,"href":"https:\/\/shop.growcube.sk\/de\/wp-json\/wp\/v2\/product_cat?post=4413"},{"taxonomy":"product_tag","embeddable":true,"href":"https:\/\/shop.growcube.sk\/de\/wp-json\/wp\/v2\/product_tag?post=4413"}],"curies":[{"name":"wp","href":"https:\/\/api.w.org\/{rel}","templated":true}]}}