{"id":4407,"date":"2020-08-14T16:09:17","date_gmt":"2020-08-14T14:09:17","guid":{"rendered":"https:\/\/shop.growcube.sk\/produkt\/lauch-hilari\/"},"modified":"2022-07-15T14:43:38","modified_gmt":"2022-07-15T12:43:38","slug":"lauch-hilari","status":"publish","type":"product","link":"https:\/\/shop.growcube.sk\/de\/produkt\/lauch-hilari\/","title":{"rendered":"Lauch Hilari"},"content":{"rendered":"<p>Schweizer Riesentyp. Sommerlauch. Mittel bis dunkelgr\u00fcnes Laub. Sehr lange, geschlossene Sch\u00e4fte ohne zwiebelige Verdickung am Wurzelboden, daher leicht zu putzen. Geeignet f\u00fcr die Ernte im Sp\u00e4tsommer, Herbst und Vorwinter. Auch zur Verfr\u00fchung unter Glas oder Folie geeignet. Paketgewicht 5 g.<\/p>\n","protected":false},"excerpt":{"rendered":"<p>Schweizer Riesentyp. Sommerlauch. Mittel bis dunkelgr\u00fcnes Laub. Sehr lange, geschlossene Sch\u00e4fte ohne zwiebelige Verdickung am Wurzelboden, daher leicht zu putzen. Geeignet f\u00fcr die Ernte im Sp\u00e4tsommer, Herbst und Vorwinter. Auch zur Verfr\u00fchung unter Glas oder Folie geeignet.<\/p>\n","protected":false},"featured_media":4408,"template":"","meta":{"inline_featured_image":false},"product_cat":[325,408],"product_tag":[310],"_links":{"self":[{"href":"https:\/\/shop.growcube.sk\/de\/wp-json\/wp\/v2\/product\/4407"}],"collection":[{"href":"https:\/\/shop.growcube.sk\/de\/wp-json\/wp\/v2\/product"}],"about":[{"href":"https:\/\/shop.growcube.sk\/de\/wp-json\/wp\/v2\/types\/product"}],"version-history":[{"count":1,"href":"https:\/\/shop.growcube.sk\/de\/wp-json\/wp\/v2\/product\/4407\/revisions"}],"predecessor-version":[{"id":4409,"href":"https:\/\/shop.growcube.sk\/de\/wp-json\/wp\/v2\/product\/4407\/revisions\/4409"}],"wp:featuredmedia":[{"embeddable":true,"href":"https:\/\/shop.growcube.sk\/de\/wp-json\/wp\/v2\/media\/4408"}],"wp:attachment":[{"href":"https:\/\/shop.growcube.sk\/de\/wp-json\/wp\/v2\/media?parent=4407"}],"wp:term":[{"taxonomy":"product_cat","embeddable":true,"href":"https:\/\/shop.growcube.sk\/de\/wp-json\/wp\/v2\/product_cat?post=4407"},{"taxonomy":"product_tag","embeddable":true,"href":"https:\/\/shop.growcube.sk\/de\/wp-json\/wp\/v2\/product_tag?post=4407"}],"curies":[{"name":"wp","href":"https:\/\/api.w.org\/{rel}","templated":true}]}}