{"id":4404,"date":"2020-08-14T16:09:18","date_gmt":"2020-08-14T14:09:18","guid":{"rendered":"https:\/\/shop.growcube.sk\/produkt\/karotte-nantaise-2-milan\/"},"modified":"2020-08-14T16:09:18","modified_gmt":"2020-08-14T14:09:18","slug":"karotte-nantaise-2-milan","status":"publish","type":"product","link":"https:\/\/shop.growcube.sk\/de\/produkt\/karotte-nantaise-2-milan\/","title":{"rendered":"Karotte Nantaise 2\/Milan"},"content":{"rendered":"<p>Geeignet sowohl f\u00fcr den Fr\u00fchanbau als Bund- und Waschm\u00f6hre als auch f\u00fcr den sp\u00e4ten Anbau als Lagerm\u00f6hre. Bei gesunder Ware Lagerung bis ins Fr\u00fchjahr m\u00f6glich. Aussaat f\u00fcr den Fr\u00fchanbau ab Ende Februar, f\u00fcr den Lageranbau bis Ende Mai. Kulturdauer f. Bundware 90 Tage. Angenehmer, runder Geschmack, verbesserte Laubgesundheit, glatte, nach dem Waschen leuchtend orange Schale. Ernte ab ca. 90 Tagen f\u00fcr Bundware. Paketgewicht 6 g.<\/p>\n","protected":false},"excerpt":{"rendered":"<p>Geeignet sowohl f\u00fcr den Fr\u00fchanbau als Bund- und Waschm\u00f6hre als auch f\u00fcr den sp\u00e4ten Anbau als Lagerm\u00f6hre. Bei gesunder Ware Lagerung bis ins Fr\u00fchjahr m\u00f6glich. Aussaat f\u00fcr den Fr\u00fchanbau ab Ende Februar, f\u00fcr den Lageranbau bis Ende Mai. Kulturdauer f. Bundware 90 Tage. Angenehmer, runder Geschmack, verbesserte Laubgesundheit, glatte, nach dem Waschen leuchtend orange Schale. Ernte ab ca. 90 Tagen f\u00fcr Bundware.<\/p>\n","protected":false},"featured_media":4405,"template":"","meta":{"inline_featured_image":false},"product_cat":[340,408],"product_tag":[310],"_links":{"self":[{"href":"https:\/\/shop.growcube.sk\/de\/wp-json\/wp\/v2\/product\/4404"}],"collection":[{"href":"https:\/\/shop.growcube.sk\/de\/wp-json\/wp\/v2\/product"}],"about":[{"href":"https:\/\/shop.growcube.sk\/de\/wp-json\/wp\/v2\/types\/product"}],"version-history":[{"count":0,"href":"https:\/\/shop.growcube.sk\/de\/wp-json\/wp\/v2\/product\/4404\/revisions"}],"wp:featuredmedia":[{"embeddable":true,"href":"https:\/\/shop.growcube.sk\/de\/wp-json\/wp\/v2\/media\/4405"}],"wp:attachment":[{"href":"https:\/\/shop.growcube.sk\/de\/wp-json\/wp\/v2\/media?parent=4404"}],"wp:term":[{"taxonomy":"product_cat","embeddable":true,"href":"https:\/\/shop.growcube.sk\/de\/wp-json\/wp\/v2\/product_cat?post=4404"},{"taxonomy":"product_tag","embeddable":true,"href":"https:\/\/shop.growcube.sk\/de\/wp-json\/wp\/v2\/product_tag?post=4404"}],"curies":[{"name":"wp","href":"https:\/\/api.w.org\/{rel}","templated":true}]}}