{"id":4401,"date":"2020-08-14T16:09:17","date_gmt":"2020-08-14T14:09:17","guid":{"rendered":"https:\/\/shop.growcube.sk\/produkt\/karotte-nantaise-2-selektion-reinsaat\/"},"modified":"2022-07-15T14:40:37","modified_gmt":"2022-07-15T12:40:37","slug":"karotte-nantaise-2-selektion-reinsaat","status":"publish","type":"product","link":"https:\/\/shop.growcube.sk\/de\/produkt\/karotte-nantaise-2-selektion-reinsaat\/","title":{"rendered":"Karotte  Nantaise 2\/Selektion Reinsaat"},"content":{"rendered":"<p>Besonders gleichm\u00e4\u00dfige, zylindrisch gut abgestumpfte Form ohne gr\u00fcne Schultern. Intensive Orangef\u00e4rbung und hervorragende Innenqualit\u00e4t. Optimierte Selektion von ReinSaat. Paketgewicht 6 g.<\/p>\n","protected":false},"excerpt":{"rendered":"<p>Besonders gleichm\u00e4\u00dfige, zylindrisch gut abgestumpfte Form ohne gr\u00fcne Schultern. Intensive Orangef\u00e4rbung und hervorragende Innenqualit\u00e4t. Optimierte Selektion von ReinSaat.<\/p>\n","protected":false},"featured_media":4402,"template":"","meta":{"inline_featured_image":false},"product_cat":[340,408],"product_tag":[310],"_links":{"self":[{"href":"https:\/\/shop.growcube.sk\/de\/wp-json\/wp\/v2\/product\/4401"}],"collection":[{"href":"https:\/\/shop.growcube.sk\/de\/wp-json\/wp\/v2\/product"}],"about":[{"href":"https:\/\/shop.growcube.sk\/de\/wp-json\/wp\/v2\/types\/product"}],"version-history":[{"count":1,"href":"https:\/\/shop.growcube.sk\/de\/wp-json\/wp\/v2\/product\/4401\/revisions"}],"predecessor-version":[{"id":4403,"href":"https:\/\/shop.growcube.sk\/de\/wp-json\/wp\/v2\/product\/4401\/revisions\/4403"}],"wp:featuredmedia":[{"embeddable":true,"href":"https:\/\/shop.growcube.sk\/de\/wp-json\/wp\/v2\/media\/4402"}],"wp:attachment":[{"href":"https:\/\/shop.growcube.sk\/de\/wp-json\/wp\/v2\/media?parent=4401"}],"wp:term":[{"taxonomy":"product_cat","embeddable":true,"href":"https:\/\/shop.growcube.sk\/de\/wp-json\/wp\/v2\/product_cat?post=4401"},{"taxonomy":"product_tag","embeddable":true,"href":"https:\/\/shop.growcube.sk\/de\/wp-json\/wp\/v2\/product_tag?post=4401"}],"curies":[{"name":"wp","href":"https:\/\/api.w.org\/{rel}","templated":true}]}}