{"id":4398,"date":"2020-08-14T16:09:18","date_gmt":"2020-08-14T14:09:18","guid":{"rendered":"https:\/\/shop.growcube.sk\/produkt\/karotte-robila\/"},"modified":"2022-07-15T14:38:56","modified_gmt":"2022-07-15T12:38:56","slug":"karotte-robila","status":"publish","type":"product","link":"https:\/\/shop.growcube.sk\/de\/produkt\/karotte-robila\/","title":{"rendered":"Karotte Robila"},"content":{"rendered":"<p>Verbesserte lange rote Stumpfe ohne Herz. Lange, schlanke zylinderf\u00f6rmige, gut abgestumpfte Herbst- und Winterm\u00f6hre. Widerstandsf\u00e4hig gegen Alternaria. Gut durchgef\u00e4rbt und mit ausgepr\u00e4gt s\u00fc\u00dfem Geschmack. Gut geeignet f\u00fcr lockere, humusreiche oder sandige B\u00f6den; bringt aber auch auf mittelschweren B\u00f6den gute Qualit\u00e4ten. Kulturdauer 160 Tage. Paketgewicht 6 g.<\/p>\n","protected":false},"excerpt":{"rendered":"<p>Verbesserte lange rote Stumpfe ohne Herz. Lange, schlanke zylinderf\u00f6rmige, gut abgestumpfte Herbst- und Winterm\u00f6hre. Widerstandsf\u00e4hig gegen Alternaria. Gut durchgef\u00e4rbt und mit ausgepr\u00e4gt s\u00fc\u00dfem Geschmack. Gut geeignet f\u00fcr lockere, humusreiche oder sandige B\u00f6den; bringt aber auch auf mittelschweren B\u00f6den gute Qualit\u00e4ten. Kulturdauer 160 Tage.<\/p>\n","protected":false},"featured_media":4399,"template":"","meta":{"inline_featured_image":false},"product_cat":[340,408],"product_tag":[310],"_links":{"self":[{"href":"https:\/\/shop.growcube.sk\/de\/wp-json\/wp\/v2\/product\/4398"}],"collection":[{"href":"https:\/\/shop.growcube.sk\/de\/wp-json\/wp\/v2\/product"}],"about":[{"href":"https:\/\/shop.growcube.sk\/de\/wp-json\/wp\/v2\/types\/product"}],"version-history":[{"count":1,"href":"https:\/\/shop.growcube.sk\/de\/wp-json\/wp\/v2\/product\/4398\/revisions"}],"predecessor-version":[{"id":4400,"href":"https:\/\/shop.growcube.sk\/de\/wp-json\/wp\/v2\/product\/4398\/revisions\/4400"}],"wp:featuredmedia":[{"embeddable":true,"href":"https:\/\/shop.growcube.sk\/de\/wp-json\/wp\/v2\/media\/4399"}],"wp:attachment":[{"href":"https:\/\/shop.growcube.sk\/de\/wp-json\/wp\/v2\/media?parent=4398"}],"wp:term":[{"taxonomy":"product_cat","embeddable":true,"href":"https:\/\/shop.growcube.sk\/de\/wp-json\/wp\/v2\/product_cat?post=4398"},{"taxonomy":"product_tag","embeddable":true,"href":"https:\/\/shop.growcube.sk\/de\/wp-json\/wp\/v2\/product_tag?post=4398"}],"curies":[{"name":"wp","href":"https:\/\/api.w.org\/{rel}","templated":true}]}}