{"id":4395,"date":"2020-08-11T11:20:01","date_gmt":"2020-08-11T09:20:01","guid":{"rendered":"https:\/\/shop.growcube.sk\/produkt\/aubergine-cesky-rany\/"},"modified":"2022-07-15T14:36:19","modified_gmt":"2022-07-15T12:36:19","slug":"aubergine-cesky-rany","status":"publish","type":"product","link":"https:\/\/shop.growcube.sk\/de\/produkt\/aubergine-cesky-rany\/","title":{"rendered":"Aubergine Cesky Rany"},"content":{"rendered":"<p>Ertragreiche, stabile Pflanze mit tropfenf\u00f6rmigen, dunkelvioletten Fr\u00fcchten mit violettem Fruchtkelch und leicht gr\u00fcnlichem Fruchtfleisch. Gute Eignung f\u00fcr Freilandkultur. Paketgewicht 5 g.<\/p>\n","protected":false},"excerpt":{"rendered":"<p>Ertragreiche, stabile Pflanze mit tropfenf\u00f6rmigen, dunkelvioletten Fr\u00fcchten mit violettem Fruchtkelch und leicht gr\u00fcnlichem Fruchtfleisch. Gute Eignung f\u00fcr Freilandkultur.<\/p>\n","protected":false},"featured_media":4396,"template":"","meta":{"inline_featured_image":false},"product_cat":[344,408],"product_tag":[310],"_links":{"self":[{"href":"https:\/\/shop.growcube.sk\/de\/wp-json\/wp\/v2\/product\/4395"}],"collection":[{"href":"https:\/\/shop.growcube.sk\/de\/wp-json\/wp\/v2\/product"}],"about":[{"href":"https:\/\/shop.growcube.sk\/de\/wp-json\/wp\/v2\/types\/product"}],"version-history":[{"count":1,"href":"https:\/\/shop.growcube.sk\/de\/wp-json\/wp\/v2\/product\/4395\/revisions"}],"predecessor-version":[{"id":4397,"href":"https:\/\/shop.growcube.sk\/de\/wp-json\/wp\/v2\/product\/4395\/revisions\/4397"}],"wp:featuredmedia":[{"embeddable":true,"href":"https:\/\/shop.growcube.sk\/de\/wp-json\/wp\/v2\/media\/4396"}],"wp:attachment":[{"href":"https:\/\/shop.growcube.sk\/de\/wp-json\/wp\/v2\/media?parent=4395"}],"wp:term":[{"taxonomy":"product_cat","embeddable":true,"href":"https:\/\/shop.growcube.sk\/de\/wp-json\/wp\/v2\/product_cat?post=4395"},{"taxonomy":"product_tag","embeddable":true,"href":"https:\/\/shop.growcube.sk\/de\/wp-json\/wp\/v2\/product_tag?post=4395"}],"curies":[{"name":"wp","href":"https:\/\/api.w.org\/{rel}","templated":true}]}}