{"id":4392,"date":"2021-06-04T13:36:50","date_gmt":"2021-06-04T11:36:50","guid":{"rendered":"https:\/\/shop.growcube.sk\/produkt\/kurbis-hokkaido-orange\/"},"modified":"2022-07-15T14:34:33","modified_gmt":"2022-07-15T12:34:33","slug":"kurbis-hokkaido-orange","status":"publish","type":"product","link":"https:\/\/shop.growcube.sk\/de\/produkt\/kurbis-hokkaido-orange\/","title":{"rendered":"K\u00fcrbis Hokkaido Orange"},"content":{"rendered":"<p>Die weltweit bekannte Ikone unter den K\u00fcrbissen. Ihre reifen, orangen Fr\u00fcchte zeichnen sich durch eine gr\u00fcne Spitze aus. Hat ausgepr\u00e4gten Geschmack mit einem N\u00fcssenunterton. Fruchtgewicht ca. 2 bis 3 kg. Weichschalig. K\u00fcrbis kann mit Schale verkocht werden. Verlangt eine sehr reiche Erde, gut durchged\u00fcngt mit Kompost oder gereiftem Dung. Erreicht grosse\u00a0 Gr\u00f6sse, Auspflanzung im Freiland. Paketgewicht 6g.<\/p>\n","protected":false},"excerpt":{"rendered":"<p>Weichschalig. K\u00fcrbis kann mit Schale verkocht werden. Verlangt eine sehr reiche Erde, gut durchged\u00fcngt mit Kompost oder gereiftem Dung. Erreicht grosse\u00a0 Gr\u00f6sse, Auspflanzung im Freiland.<\/p>\n","protected":false},"featured_media":4393,"template":"","meta":{"inline_featured_image":false},"product_cat":[408],"product_tag":[310],"_links":{"self":[{"href":"https:\/\/shop.growcube.sk\/de\/wp-json\/wp\/v2\/product\/4392"}],"collection":[{"href":"https:\/\/shop.growcube.sk\/de\/wp-json\/wp\/v2\/product"}],"about":[{"href":"https:\/\/shop.growcube.sk\/de\/wp-json\/wp\/v2\/types\/product"}],"version-history":[{"count":1,"href":"https:\/\/shop.growcube.sk\/de\/wp-json\/wp\/v2\/product\/4392\/revisions"}],"predecessor-version":[{"id":4394,"href":"https:\/\/shop.growcube.sk\/de\/wp-json\/wp\/v2\/product\/4392\/revisions\/4394"}],"wp:featuredmedia":[{"embeddable":true,"href":"https:\/\/shop.growcube.sk\/de\/wp-json\/wp\/v2\/media\/4393"}],"wp:attachment":[{"href":"https:\/\/shop.growcube.sk\/de\/wp-json\/wp\/v2\/media?parent=4392"}],"wp:term":[{"taxonomy":"product_cat","embeddable":true,"href":"https:\/\/shop.growcube.sk\/de\/wp-json\/wp\/v2\/product_cat?post=4392"},{"taxonomy":"product_tag","embeddable":true,"href":"https:\/\/shop.growcube.sk\/de\/wp-json\/wp\/v2\/product_tag?post=4392"}],"curies":[{"name":"wp","href":"https:\/\/api.w.org\/{rel}","templated":true}]}}