{"id":4390,"date":"2020-08-14T16:09:29","date_gmt":"2020-08-14T14:09:29","guid":{"rendered":"https:\/\/shop.growcube.sk\/produkt\/rube-blanc-globe-a-collet-violet\/"},"modified":"2020-08-14T16:09:29","modified_gmt":"2020-08-14T14:09:29","slug":"rube-blanc-globe-a-collet-violet","status":"publish","type":"product","link":"https:\/\/shop.growcube.sk\/de\/produkt\/rube-blanc-globe-a-collet-violet\/","title":{"rendered":"R\u00fcbe Blanc globe \u00e0 collet violet"},"content":{"rendered":"<p>Runde, wei\u00dfe Mair\u00fcbe mit violetten Schultern bei uns bekannt als auch Wruke. Feines, wei\u00dfes Fruchtfleisch. Direktsaat ab Anfang Juli bis Anfang August f\u00fcr die Ernte im Sp\u00e4therbst. Rasches Wachstum. Gute Lagereigenschaften. Paketgewicht 6g<\/p>\n","protected":false},"excerpt":{"rendered":"<p>Runde, wei\u00dfe Mair\u00fcbe mit violetten Schultern bei uns bekannt als auch Wruke. Feines, wei\u00dfes Fruchtfleisch. Direktsaat ab Anfang Juli bis Anfang August f\u00fcr die Ernte im Sp\u00e4therbst. Rasches Wachstum.<\/p>\n<p>Gute Lagereigenschaften. Paketgewicht 6 g.<\/p>\n","protected":false},"featured_media":4391,"template":"","meta":{"inline_featured_image":false},"product_cat":[314,408],"product_tag":[310],"_links":{"self":[{"href":"https:\/\/shop.growcube.sk\/de\/wp-json\/wp\/v2\/product\/4390"}],"collection":[{"href":"https:\/\/shop.growcube.sk\/de\/wp-json\/wp\/v2\/product"}],"about":[{"href":"https:\/\/shop.growcube.sk\/de\/wp-json\/wp\/v2\/types\/product"}],"version-history":[{"count":0,"href":"https:\/\/shop.growcube.sk\/de\/wp-json\/wp\/v2\/product\/4390\/revisions"}],"wp:featuredmedia":[{"embeddable":true,"href":"https:\/\/shop.growcube.sk\/de\/wp-json\/wp\/v2\/media\/4391"}],"wp:attachment":[{"href":"https:\/\/shop.growcube.sk\/de\/wp-json\/wp\/v2\/media?parent=4390"}],"wp:term":[{"taxonomy":"product_cat","embeddable":true,"href":"https:\/\/shop.growcube.sk\/de\/wp-json\/wp\/v2\/product_cat?post=4390"},{"taxonomy":"product_tag","embeddable":true,"href":"https:\/\/shop.growcube.sk\/de\/wp-json\/wp\/v2\/product_tag?post=4390"}],"curies":[{"name":"wp","href":"https:\/\/api.w.org\/{rel}","templated":true}]}}