{"id":4388,"date":"2020-08-14T16:09:29","date_gmt":"2020-08-14T14:09:29","guid":{"rendered":"https:\/\/shop.growcube.sk\/produkt\/rube-jaune-boule-dor\/"},"modified":"2020-08-14T16:09:29","modified_gmt":"2020-08-14T14:09:29","slug":"rube-jaune-boule-dor","status":"publish","type":"product","link":"https:\/\/shop.growcube.sk\/de\/produkt\/rube-jaune-boule-dor\/","title":{"rendered":"R\u00fcbe Jaune boule d&#8217;or"},"content":{"rendered":"<p>Runde, gelbe Mair\u00fcbe bei uns bekannt als auch Wruke; schoss- und platzfest, gute Speisequalit\u00e4t, optimale Ernte bei einem R\u00fcbendurchmesser von ca. 6 cm. Geeignet f\u00fcr alle Anbauzeitr\u00e4ume. Paketgewicht 7 g.<\/p>\n","protected":false},"excerpt":{"rendered":"<p>Runde, gelbe Mair\u00fcbe bei uns bekannt als auch Wruke; schoss- und platzfest, gute Speisequalit\u00e4t, optimale Ernte bei einem R\u00fcbendurchmesser von ca. 6 cm. Geeignet f\u00fcr alle Anbauzeitr\u00e4ume.<\/p>\n","protected":false},"featured_media":4389,"template":"","meta":{"inline_featured_image":false},"product_cat":[314,408],"product_tag":[310],"_links":{"self":[{"href":"https:\/\/shop.growcube.sk\/de\/wp-json\/wp\/v2\/product\/4388"}],"collection":[{"href":"https:\/\/shop.growcube.sk\/de\/wp-json\/wp\/v2\/product"}],"about":[{"href":"https:\/\/shop.growcube.sk\/de\/wp-json\/wp\/v2\/types\/product"}],"version-history":[{"count":0,"href":"https:\/\/shop.growcube.sk\/de\/wp-json\/wp\/v2\/product\/4388\/revisions"}],"wp:featuredmedia":[{"embeddable":true,"href":"https:\/\/shop.growcube.sk\/de\/wp-json\/wp\/v2\/media\/4389"}],"wp:attachment":[{"href":"https:\/\/shop.growcube.sk\/de\/wp-json\/wp\/v2\/media?parent=4388"}],"wp:term":[{"taxonomy":"product_cat","embeddable":true,"href":"https:\/\/shop.growcube.sk\/de\/wp-json\/wp\/v2\/product_cat?post=4388"},{"taxonomy":"product_tag","embeddable":true,"href":"https:\/\/shop.growcube.sk\/de\/wp-json\/wp\/v2\/product_tag?post=4388"}],"curies":[{"name":"wp","href":"https:\/\/api.w.org\/{rel}","templated":true}]}}