{"id":4386,"date":"2020-08-14T16:09:29","date_gmt":"2020-08-14T14:09:29","guid":{"rendered":"https:\/\/shop.growcube.sk\/produkt\/pak-choi-white-celery-mustard\/"},"modified":"2020-08-14T16:09:29","modified_gmt":"2020-08-14T14:09:29","slug":"pak-choi-white-celery-mustard","status":"publish","type":"product","link":"https:\/\/shop.growcube.sk\/de\/produkt\/pak-choi-white-celery-mustard\/","title":{"rendered":"Pak Choi, White Celery Mustard"},"content":{"rendered":"<p>Asiatische Gem\u00fcseart. Wuchs und Kultur \u00e4hnlich dem Chinakohl. Breite, wei\u00dfe, langgestielte, fleischige Blattst\u00e4ngel und gro\u00dfe, rundliche, hellgr\u00fcne Bl\u00e4tter. Wuchsh\u00f6he 35-50 cm. F\u00fcr Aussaaten ab Ende Juli\/Anf. August; in 50-65 Tagen erntereif. 30 cm Reihenabstand, in der Reihe 20 cm. Verwendung als Salat oder gekocht; hervorragender, mild-w\u00fcrziger Geschmack. Saatgutbedarf: 20-40 g\/a, TKG 3-4 g. Paketgewicht 6 g.<\/p>\n","protected":false},"excerpt":{"rendered":"<p>Asiatische Gem\u00fcseart. Wuchs und Kultur \u00e4hnlich dem Chinakohl. Breite, wei\u00dfe, langgestielte, fleischige Blattst\u00e4ngel und gro\u00dfe, rundliche, hellgr\u00fcne Bl\u00e4tter. Wuchsh\u00f6he 35-50 cm. F\u00fcr Aussaaten ab Ende Juli\/Anf. August; in 50-65 Tagen erntereif. 30 cm Reihenabstand, in der Reihe 20 cm. Verwendung als Salat oder gekocht; hervorragender, mild-w\u00fcrziger Geschmack. Saatgutbedarf: 20-40 g\/a, TKG 3-4 g.<\/p>\n","protected":false},"featured_media":4387,"template":"","meta":{"inline_featured_image":false},"product_cat":[408,330],"product_tag":[310],"_links":{"self":[{"href":"https:\/\/shop.growcube.sk\/de\/wp-json\/wp\/v2\/product\/4386"}],"collection":[{"href":"https:\/\/shop.growcube.sk\/de\/wp-json\/wp\/v2\/product"}],"about":[{"href":"https:\/\/shop.growcube.sk\/de\/wp-json\/wp\/v2\/types\/product"}],"version-history":[{"count":0,"href":"https:\/\/shop.growcube.sk\/de\/wp-json\/wp\/v2\/product\/4386\/revisions"}],"wp:featuredmedia":[{"embeddable":true,"href":"https:\/\/shop.growcube.sk\/de\/wp-json\/wp\/v2\/media\/4387"}],"wp:attachment":[{"href":"https:\/\/shop.growcube.sk\/de\/wp-json\/wp\/v2\/media?parent=4386"}],"wp:term":[{"taxonomy":"product_cat","embeddable":true,"href":"https:\/\/shop.growcube.sk\/de\/wp-json\/wp\/v2\/product_cat?post=4386"},{"taxonomy":"product_tag","embeddable":true,"href":"https:\/\/shop.growcube.sk\/de\/wp-json\/wp\/v2\/product_tag?post=4386"}],"curies":[{"name":"wp","href":"https:\/\/api.w.org\/{rel}","templated":true}]}}