{"id":4383,"date":"2020-08-14T16:09:29","date_gmt":"2020-08-14T14:09:29","guid":{"rendered":"https:\/\/shop.growcube.sk\/produkt\/bok-choy\/"},"modified":"2020-08-14T16:09:29","modified_gmt":"2020-08-14T14:09:29","slug":"bok-choy","status":"publish","type":"product","link":"https:\/\/shop.growcube.sk\/de\/produkt\/bok-choy\/","title":{"rendered":"Bok Choy"},"content":{"rendered":"<p>Asiagem\u00fcse mit langen wei\u00dfen Stielen und breiten dunkelgr\u00fcnen Bl\u00e4ttern. Als Zugabe zu Salaten oder kurzgebraten als Gem\u00fcse, guter mild w\u00fcrziger Geschmack. Leicht zu kultivieren, kurze Entwicklungszeit. Saatgutbedarf: 20-40 g\/a. Paketgewicht 6 g.<\/p>\n","protected":false},"excerpt":{"rendered":"<p>Asiagem\u00fcse mit langen wei\u00dfen Stielen und breiten dunkelgr\u00fcnen Bl\u00e4ttern. Als Zugabe zu Salaten oder kurzgebraten als Gem\u00fcse, guter mild w\u00fcrziger Geschmack. Leicht zu kultivieren, kurze Entwicklungszeit. Saatgutbedarf: 20-40 g\/a.<\/p>\n","protected":false},"featured_media":4384,"template":"","meta":{"inline_featured_image":false},"product_cat":[314,408,330],"product_tag":[310],"_links":{"self":[{"href":"https:\/\/shop.growcube.sk\/de\/wp-json\/wp\/v2\/product\/4383"}],"collection":[{"href":"https:\/\/shop.growcube.sk\/de\/wp-json\/wp\/v2\/product"}],"about":[{"href":"https:\/\/shop.growcube.sk\/de\/wp-json\/wp\/v2\/types\/product"}],"version-history":[{"count":0,"href":"https:\/\/shop.growcube.sk\/de\/wp-json\/wp\/v2\/product\/4383\/revisions"}],"wp:featuredmedia":[{"embeddable":true,"href":"https:\/\/shop.growcube.sk\/de\/wp-json\/wp\/v2\/media\/4384"}],"wp:attachment":[{"href":"https:\/\/shop.growcube.sk\/de\/wp-json\/wp\/v2\/media?parent=4383"}],"wp:term":[{"taxonomy":"product_cat","embeddable":true,"href":"https:\/\/shop.growcube.sk\/de\/wp-json\/wp\/v2\/product_cat?post=4383"},{"taxonomy":"product_tag","embeddable":true,"href":"https:\/\/shop.growcube.sk\/de\/wp-json\/wp\/v2\/product_tag?post=4383"}],"curies":[{"name":"wp","href":"https:\/\/api.w.org\/{rel}","templated":true}]}}