{"id":4381,"date":"2020-08-14T16:09:18","date_gmt":"2020-08-14T14:09:18","guid":{"rendered":"https:\/\/shop.growcube.sk\/produkt\/chinakohl-atsuko\/"},"modified":"2020-08-14T16:09:18","modified_gmt":"2020-08-14T14:09:18","slug":"chinakohl-atsuko","status":"publish","type":"product","link":"https:\/\/shop.growcube.sk\/de\/produkt\/chinakohl-atsuko\/","title":{"rendered":"Chinakohl Atsuko"},"content":{"rendered":"<p>Niedriger, etwas gedrungener Wuchs mit ovalen K\u00f6pfen mittlerer Gr\u00f6\u00dfe (ca. 1kg). Die Bl\u00e4tter sind von hellgr\u00fcner Farbe und mittlerer Kr\u00e4uselung. Bei zu fr\u00fcher Aussaat zeigt sich diese Sorte etwas schossanf\u00e4llig. Aussaat nicht vor Mitte Juli. Diese samenfeste Sorte zeichnet sich durch hohe Einheitlichkeit, feste K\u00f6pfe und gute Jugendentwicklung aus. Die kompakten K\u00f6pfe sind ideal f\u00fcr Abo-Kisten. Der sehr angenehme Geschmack ist rund und sehr intensiv. Paketgewicht 5 g.<\/p>\n","protected":false},"excerpt":{"rendered":"<p>Niedriger, etwas gedrungener Wuchs mit ovalen K\u00f6pfen mittlerer Gr\u00f6\u00dfe (ca. 1kg). Die Bl\u00e4tter sind von hellgr\u00fcner Farbe und mittlerer Kr\u00e4uselung. Bei zu fr\u00fcher Aussaat zeigt sich diese Sorte etwas schossanf\u00e4llig. Aussaat nicht vor Mitte Juli. Diese samenfeste Sorte zeichnet sich durch hohe Einheitlichkeit, feste K\u00f6pfe und gute Jugendentwicklung aus. Die kompakten K\u00f6pfe sind ideal f\u00fcr Abo-Kisten. Der sehr angenehme Geschmack ist rund und sehr intensiv.<\/p>\n","protected":false},"featured_media":5561,"template":"","meta":{"inline_featured_image":false},"product_cat":[314,408],"product_tag":[310],"_links":{"self":[{"href":"https:\/\/shop.growcube.sk\/de\/wp-json\/wp\/v2\/product\/4381"}],"collection":[{"href":"https:\/\/shop.growcube.sk\/de\/wp-json\/wp\/v2\/product"}],"about":[{"href":"https:\/\/shop.growcube.sk\/de\/wp-json\/wp\/v2\/types\/product"}],"version-history":[{"count":0,"href":"https:\/\/shop.growcube.sk\/de\/wp-json\/wp\/v2\/product\/4381\/revisions"}],"wp:featuredmedia":[{"embeddable":true,"href":"https:\/\/shop.growcube.sk\/de\/wp-json\/wp\/v2\/media\/5561"}],"wp:attachment":[{"href":"https:\/\/shop.growcube.sk\/de\/wp-json\/wp\/v2\/media?parent=4381"}],"wp:term":[{"taxonomy":"product_cat","embeddable":true,"href":"https:\/\/shop.growcube.sk\/de\/wp-json\/wp\/v2\/product_cat?post=4381"},{"taxonomy":"product_tag","embeddable":true,"href":"https:\/\/shop.growcube.sk\/de\/wp-json\/wp\/v2\/product_tag?post=4381"}],"curies":[{"name":"wp","href":"https:\/\/api.w.org\/{rel}","templated":true}]}}