{"id":4379,"date":"2020-08-14T16:09:18","date_gmt":"2020-08-14T14:09:18","guid":{"rendered":"https:\/\/shop.growcube.sk\/produkt\/halbhoher-gruner-krauser\/"},"modified":"2023-08-16T10:45:40","modified_gmt":"2023-08-16T08:45:40","slug":"halbhoher-gruner-krauser","status":"publish","type":"product","link":"https:\/\/shop.growcube.sk\/de\/produkt\/halbhoher-gruner-krauser\/","title":{"rendered":"Halbhoher gr\u00fcner krauser"},"content":{"rendered":"<p>Wertvolles, winterliches Frischgem\u00fcse. Bildet dunkelgr\u00fcne, stark gekrauste Bl\u00e4tter, die nach dem Frost sehr schmackhaft und vitaminreich sind. Blatternte im Laufe des Winters von unten nach oben. Ertragreiche Sorte mit mittlerer Frosth\u00e4rte. Paketgewicht 5 g.<\/p>\n","protected":false},"excerpt":{"rendered":"<p>Wertvolles, winterliches Frischgem\u00fcse. Bildet dunkelgr\u00fcne, stark gekrauste Bl\u00e4tter, die nach dem Frost sehr schmackhaft und vitaminreich sind. Blatternte im Laufe des Winters von unten nach oben. Ertragreiche Sorte mit mittlerer Frosth\u00e4rte.<\/p>\n","protected":false},"featured_media":4380,"template":"","meta":{"inline_featured_image":false},"product_cat":[314,408],"product_tag":[310],"_links":{"self":[{"href":"https:\/\/shop.growcube.sk\/de\/wp-json\/wp\/v2\/product\/4379"}],"collection":[{"href":"https:\/\/shop.growcube.sk\/de\/wp-json\/wp\/v2\/product"}],"about":[{"href":"https:\/\/shop.growcube.sk\/de\/wp-json\/wp\/v2\/types\/product"}],"version-history":[{"count":1,"href":"https:\/\/shop.growcube.sk\/de\/wp-json\/wp\/v2\/product\/4379\/revisions"}],"predecessor-version":[{"id":5140,"href":"https:\/\/shop.growcube.sk\/de\/wp-json\/wp\/v2\/product\/4379\/revisions\/5140"}],"wp:featuredmedia":[{"embeddable":true,"href":"https:\/\/shop.growcube.sk\/de\/wp-json\/wp\/v2\/media\/4380"}],"wp:attachment":[{"href":"https:\/\/shop.growcube.sk\/de\/wp-json\/wp\/v2\/media?parent=4379"}],"wp:term":[{"taxonomy":"product_cat","embeddable":true,"href":"https:\/\/shop.growcube.sk\/de\/wp-json\/wp\/v2\/product_cat?post=4379"},{"taxonomy":"product_tag","embeddable":true,"href":"https:\/\/shop.growcube.sk\/de\/wp-json\/wp\/v2\/product_tag?post=4379"}],"curies":[{"name":"wp","href":"https:\/\/api.w.org\/{rel}","templated":true}]}}