{"id":4377,"date":"2020-08-14T16:09:03","date_gmt":"2020-08-14T14:09:03","guid":{"rendered":"https:\/\/shop.growcube.sk\/produkt\/kohlrabi-azur-star\/"},"modified":"2020-08-14T16:09:03","modified_gmt":"2020-08-14T14:09:03","slug":"kohlrabi-azur-star","status":"publish","type":"product","link":"https:\/\/shop.growcube.sk\/de\/produkt\/kohlrabi-azur-star\/","title":{"rendered":"Kohlrabi Azur Star"},"content":{"rendered":"<p>Die fr\u00fcheste und sch\u00f6nste blaue Treib- und Freilandsorte. Geeignet f\u00fcr den beheizten und kalten Anbau unter Glas, besonders aber f\u00fcr den fr\u00fchen Freilandanbau. Azur Star ist schossfest, hat eine sch\u00f6ne, leicht plattrunde, tiefblaue, zarte Knolle mit hohem Strunk. Laub mittelstark, feinstielig. Paketgewicht 6 g.<\/p>\n","protected":false},"excerpt":{"rendered":"<p>Die fr\u00fcheste und sch\u00f6nste blaue Treib- und Freilandsorte. Geeignet f\u00fcr den beheizten und kalten Anbau unter Glas, besonders aber f\u00fcr den fr\u00fchen Freilandanbau. Azur Star ist schossfest, hat eine sch\u00f6ne, leicht plattrunde, tiefblaue, zarte Knolle mit hohem Strunk. Laub mittelstark, feinstielig.<\/p>\n","protected":false},"featured_media":4378,"template":"","meta":{"inline_featured_image":false},"product_cat":[314,408],"product_tag":[310],"_links":{"self":[{"href":"https:\/\/shop.growcube.sk\/de\/wp-json\/wp\/v2\/product\/4377"}],"collection":[{"href":"https:\/\/shop.growcube.sk\/de\/wp-json\/wp\/v2\/product"}],"about":[{"href":"https:\/\/shop.growcube.sk\/de\/wp-json\/wp\/v2\/types\/product"}],"version-history":[{"count":0,"href":"https:\/\/shop.growcube.sk\/de\/wp-json\/wp\/v2\/product\/4377\/revisions"}],"wp:featuredmedia":[{"embeddable":true,"href":"https:\/\/shop.growcube.sk\/de\/wp-json\/wp\/v2\/media\/4378"}],"wp:attachment":[{"href":"https:\/\/shop.growcube.sk\/de\/wp-json\/wp\/v2\/media?parent=4377"}],"wp:term":[{"taxonomy":"product_cat","embeddable":true,"href":"https:\/\/shop.growcube.sk\/de\/wp-json\/wp\/v2\/product_cat?post=4377"},{"taxonomy":"product_tag","embeddable":true,"href":"https:\/\/shop.growcube.sk\/de\/wp-json\/wp\/v2\/product_tag?post=4377"}],"curies":[{"name":"wp","href":"https:\/\/api.w.org\/{rel}","templated":true}]}}