{"id":4375,"date":"2020-08-14T16:09:18","date_gmt":"2020-08-14T14:09:18","guid":{"rendered":"https:\/\/shop.growcube.sk\/produkt\/kohlrabi-lanro\/"},"modified":"2020-08-14T16:09:18","modified_gmt":"2020-08-14T14:09:18","slug":"kohlrabi-lanro","status":"publish","type":"product","link":"https:\/\/shop.growcube.sk\/de\/produkt\/kohlrabi-lanro\/","title":{"rendered":"Kohlrabi Lanro"},"content":{"rendered":"<p>Bew\u00e4hrte wei\u00dfe Kohlrabisorte f\u00fcr fr\u00fcheste Freilandkultur und Kalttreiberei; ertr\u00e4gt sehr gut Sp\u00e4tfr\u00f6ste. Schossfest und zart. Paketgewicht 5 g.<\/p>\n","protected":false},"excerpt":{"rendered":"<p>Bew\u00e4hrte wei\u00dfe Kohlrabisorte f\u00fcr fr\u00fcheste Freilandkultur und Kalttreiberei; ertr\u00e4gt sehr gut Sp\u00e4tfr\u00f6ste. Schossfest und zart.<\/p>\n","protected":false},"featured_media":4376,"template":"","meta":{"inline_featured_image":false},"product_cat":[314,408],"product_tag":[310],"_links":{"self":[{"href":"https:\/\/shop.growcube.sk\/de\/wp-json\/wp\/v2\/product\/4375"}],"collection":[{"href":"https:\/\/shop.growcube.sk\/de\/wp-json\/wp\/v2\/product"}],"about":[{"href":"https:\/\/shop.growcube.sk\/de\/wp-json\/wp\/v2\/types\/product"}],"version-history":[{"count":0,"href":"https:\/\/shop.growcube.sk\/de\/wp-json\/wp\/v2\/product\/4375\/revisions"}],"wp:featuredmedia":[{"embeddable":true,"href":"https:\/\/shop.growcube.sk\/de\/wp-json\/wp\/v2\/media\/4376"}],"wp:attachment":[{"href":"https:\/\/shop.growcube.sk\/de\/wp-json\/wp\/v2\/media?parent=4375"}],"wp:term":[{"taxonomy":"product_cat","embeddable":true,"href":"https:\/\/shop.growcube.sk\/de\/wp-json\/wp\/v2\/product_cat?post=4375"},{"taxonomy":"product_tag","embeddable":true,"href":"https:\/\/shop.growcube.sk\/de\/wp-json\/wp\/v2\/product_tag?post=4375"}],"curies":[{"name":"wp","href":"https:\/\/api.w.org\/{rel}","templated":true}]}}