{"id":4372,"date":"2020-08-14T16:09:03","date_gmt":"2020-08-14T14:09:03","guid":{"rendered":"https:\/\/shop.growcube.sk\/produkt\/kohlrabi-noriko\/"},"modified":"2022-07-15T14:16:02","modified_gmt":"2022-07-15T12:16:02","slug":"kohlrabi-noriko","status":"publish","type":"product","link":"https:\/\/shop.growcube.sk\/de\/produkt\/kohlrabi-noriko\/","title":{"rendered":"Kohlrabi Noriko"},"content":{"rendered":"<p>Fr\u00fcher, wei\u00dfer Freilandkohlrabi; f\u00fcr den Anbau im Fr\u00fchjahr, Sommer und Herbst. Gro\u00dfe zarte Knolle, hoher Strunk, gute K\u00e4lteresistenz. Aussaat nicht vor Februar. Paketgewicht 6 g.<\/p>\n","protected":false},"excerpt":{"rendered":"<p>Fr\u00fcher, wei\u00dfer Freilandkohlrabi; f\u00fcr den Anbau im Fr\u00fchjahr, Sommer und Herbst. Gro\u00dfe zarte Knolle, hoher Strunk, gute K\u00e4lteresistenz. Aussaat nicht vor Februar.<\/p>\n","protected":false},"featured_media":4373,"template":"","meta":{"inline_featured_image":false},"product_cat":[314,408],"product_tag":[310],"_links":{"self":[{"href":"https:\/\/shop.growcube.sk\/de\/wp-json\/wp\/v2\/product\/4372"}],"collection":[{"href":"https:\/\/shop.growcube.sk\/de\/wp-json\/wp\/v2\/product"}],"about":[{"href":"https:\/\/shop.growcube.sk\/de\/wp-json\/wp\/v2\/types\/product"}],"version-history":[{"count":1,"href":"https:\/\/shop.growcube.sk\/de\/wp-json\/wp\/v2\/product\/4372\/revisions"}],"predecessor-version":[{"id":4374,"href":"https:\/\/shop.growcube.sk\/de\/wp-json\/wp\/v2\/product\/4372\/revisions\/4374"}],"wp:featuredmedia":[{"embeddable":true,"href":"https:\/\/shop.growcube.sk\/de\/wp-json\/wp\/v2\/media\/4373"}],"wp:attachment":[{"href":"https:\/\/shop.growcube.sk\/de\/wp-json\/wp\/v2\/media?parent=4372"}],"wp:term":[{"taxonomy":"product_cat","embeddable":true,"href":"https:\/\/shop.growcube.sk\/de\/wp-json\/wp\/v2\/product_cat?post=4372"},{"taxonomy":"product_tag","embeddable":true,"href":"https:\/\/shop.growcube.sk\/de\/wp-json\/wp\/v2\/product_tag?post=4372"}],"curies":[{"name":"wp","href":"https:\/\/api.w.org\/{rel}","templated":true}]}}