{"id":4370,"date":"2020-08-14T16:09:18","date_gmt":"2020-08-14T14:09:18","guid":{"rendered":"https:\/\/shop.growcube.sk\/produkt\/broccoli-leonora\/"},"modified":"2020-08-14T16:09:18","modified_gmt":"2020-08-14T14:09:18","slug":"broccoli-leonora","status":"publish","type":"product","link":"https:\/\/shop.growcube.sk\/de\/produkt\/broccoli-leonora\/","title":{"rendered":"Broccoli Leonora"},"content":{"rendered":"<p>Mittelfr\u00fche Sorte f\u00fcr sofortigen Verzehr und Kurzzeitlagerung. Mittelgro\u00dfe bis gro\u00dfe K\u00f6pfe mit feiner Textur, Gewicht bis 700 g. Reifezeit von Pflanzung bis zur Ernte ca. 75-85 Tage. Empfohlener Pflanzabstand 50&#215;50 cm. Gut geeignet f\u00fcr Direktvermarktung. Paketgewicht 5 g.<\/p>\n","protected":false},"excerpt":{"rendered":"<p>Mittelfr\u00fche Sorte f\u00fcr sofortigen Verzehr und Kurzzeitlagerung. Mittelgro\u00dfe bis gro\u00dfe K\u00f6pfe mit feiner Textur, Gewicht bis 700 g. Reifezeit von Pflanzung bis zur Ernte ca. 75-85 Tage. Empfohlener Pflanzabstand 50&#215;50 cm. Gut geeignet f\u00fcr Direktvermarktung.<\/p>\n","protected":false},"featured_media":4371,"template":"","meta":{"inline_featured_image":false},"product_cat":[314,408],"product_tag":[310],"_links":{"self":[{"href":"https:\/\/shop.growcube.sk\/de\/wp-json\/wp\/v2\/product\/4370"}],"collection":[{"href":"https:\/\/shop.growcube.sk\/de\/wp-json\/wp\/v2\/product"}],"about":[{"href":"https:\/\/shop.growcube.sk\/de\/wp-json\/wp\/v2\/types\/product"}],"version-history":[{"count":0,"href":"https:\/\/shop.growcube.sk\/de\/wp-json\/wp\/v2\/product\/4370\/revisions"}],"wp:featuredmedia":[{"embeddable":true,"href":"https:\/\/shop.growcube.sk\/de\/wp-json\/wp\/v2\/media\/4371"}],"wp:attachment":[{"href":"https:\/\/shop.growcube.sk\/de\/wp-json\/wp\/v2\/media?parent=4370"}],"wp:term":[{"taxonomy":"product_cat","embeddable":true,"href":"https:\/\/shop.growcube.sk\/de\/wp-json\/wp\/v2\/product_cat?post=4370"},{"taxonomy":"product_tag","embeddable":true,"href":"https:\/\/shop.growcube.sk\/de\/wp-json\/wp\/v2\/product_tag?post=4370"}],"curies":[{"name":"wp","href":"https:\/\/api.w.org\/{rel}","templated":true}]}}