{"id":4367,"date":"2020-08-14T16:09:29","date_gmt":"2020-08-14T14:09:29","guid":{"rendered":"https:\/\/shop.growcube.sk\/produkt\/blumenkohl-groninger\/"},"modified":"2022-07-15T14:12:32","modified_gmt":"2022-07-15T12:12:32","slug":"blumenkohl-groninger","status":"publish","type":"product","link":"https:\/\/shop.growcube.sk\/de\/produkt\/blumenkohl-groninger\/","title":{"rendered":"Blumenkohl Groninger"},"content":{"rendered":"<p>F\u00fcr Ernte im sp\u00e4ten Herbst bis Winteranfang. Stark wachsende, hohe Pflanzen mit gro\u00dfen, dicht gef\u00fcllten Rosen. Pflanzung: Ende Mai bis Juli. 60&#215;50 cm. Paketgewicht 5 g.<\/p>\n","protected":false},"excerpt":{"rendered":"<p>F\u00fcr Ernte im sp\u00e4ten Herbst bis Winteranfang. Stark wachsende, hohe Pflanzen mit gro\u00dfen, dicht gef\u00fcllten Rosen. Pflanzung: Ende Mai bis Juli. 60&#215;50 cm.<\/p>\n","protected":false},"featured_media":4368,"template":"","meta":{"inline_featured_image":false},"product_cat":[314,408],"product_tag":[310],"_links":{"self":[{"href":"https:\/\/shop.growcube.sk\/de\/wp-json\/wp\/v2\/product\/4367"}],"collection":[{"href":"https:\/\/shop.growcube.sk\/de\/wp-json\/wp\/v2\/product"}],"about":[{"href":"https:\/\/shop.growcube.sk\/de\/wp-json\/wp\/v2\/types\/product"}],"version-history":[{"count":1,"href":"https:\/\/shop.growcube.sk\/de\/wp-json\/wp\/v2\/product\/4367\/revisions"}],"predecessor-version":[{"id":4369,"href":"https:\/\/shop.growcube.sk\/de\/wp-json\/wp\/v2\/product\/4367\/revisions\/4369"}],"wp:featuredmedia":[{"embeddable":true,"href":"https:\/\/shop.growcube.sk\/de\/wp-json\/wp\/v2\/media\/4368"}],"wp:attachment":[{"href":"https:\/\/shop.growcube.sk\/de\/wp-json\/wp\/v2\/media?parent=4367"}],"wp:term":[{"taxonomy":"product_cat","embeddable":true,"href":"https:\/\/shop.growcube.sk\/de\/wp-json\/wp\/v2\/product_cat?post=4367"},{"taxonomy":"product_tag","embeddable":true,"href":"https:\/\/shop.growcube.sk\/de\/wp-json\/wp\/v2\/product_tag?post=4367"}],"curies":[{"name":"wp","href":"https:\/\/api.w.org\/{rel}","templated":true}]}}