{"id":4365,"date":"2020-08-14T16:09:03","date_gmt":"2020-08-14T14:09:03","guid":{"rendered":"https:\/\/shop.growcube.sk\/produkt\/salatgurke-shintokiwa\/"},"modified":"2020-08-14T16:09:03","modified_gmt":"2020-08-14T14:09:03","slug":"salatgurke-shintokiwa","status":"publish","type":"product","link":"https:\/\/shop.growcube.sk\/de\/produkt\/salatgurke-shintokiwa\/","title":{"rendered":"Salatgurke Shintokiwa"},"content":{"rendered":"<p>Salatgurke in der Sortenpr\u00fcfung. Saatgut f\u00fcr Versuchsanbau. Freilandgurke. Gew\u00e4chshauskultur mit Aufleitung m\u00f6glich. Bildet dann sehr lange, schlanke gerade Gurken. Kompaktes Fleisch, guter Geschmack, robust. Ernte bis Mitte Oktober. Paketgewicht 6 g.<\/p>\n","protected":false},"excerpt":{"rendered":"<p>Salatgurke in der Sortenpr\u00fcfung. Saatgut f\u00fcr Versuchsanbau. Freilandgurke. Gew\u00e4chshauskultur mit Aufleitung m\u00f6glich. Bildet dann sehr lange, schlanke gerade Gurken. Kompaktes Fleisch, guter Geschmack, robust. Ernte bis Mitte Oktober.<\/p>\n","protected":false},"featured_media":4366,"template":"","meta":{"inline_featured_image":false},"product_cat":[342,408],"product_tag":[310],"_links":{"self":[{"href":"https:\/\/shop.growcube.sk\/de\/wp-json\/wp\/v2\/product\/4365"}],"collection":[{"href":"https:\/\/shop.growcube.sk\/de\/wp-json\/wp\/v2\/product"}],"about":[{"href":"https:\/\/shop.growcube.sk\/de\/wp-json\/wp\/v2\/types\/product"}],"version-history":[{"count":0,"href":"https:\/\/shop.growcube.sk\/de\/wp-json\/wp\/v2\/product\/4365\/revisions"}],"wp:featuredmedia":[{"embeddable":true,"href":"https:\/\/shop.growcube.sk\/de\/wp-json\/wp\/v2\/media\/4366"}],"wp:attachment":[{"href":"https:\/\/shop.growcube.sk\/de\/wp-json\/wp\/v2\/media?parent=4365"}],"wp:term":[{"taxonomy":"product_cat","embeddable":true,"href":"https:\/\/shop.growcube.sk\/de\/wp-json\/wp\/v2\/product_cat?post=4365"},{"taxonomy":"product_tag","embeddable":true,"href":"https:\/\/shop.growcube.sk\/de\/wp-json\/wp\/v2\/product_tag?post=4365"}],"curies":[{"name":"wp","href":"https:\/\/api.w.org\/{rel}","templated":true}]}}